{"id":903,"date":"2022-05-04T16:36:29","date_gmt":"2022-05-04T14:36:29","guid":{"rendered":"http:\/\/waaas.org\/?page_id=903"},"modified":"2022-05-04T21:34:14","modified_gmt":"2022-05-04T19:34:14","slug":"reinvention-professionnelle","status":"publish","type":"page","link":"https:\/\/waaas.org\/index.php\/reinvention-professionnelle\/","title":{"rendered":"R\u00e9invention professionnelle"},"content":{"rendered":"\t\t<div data-elementor-type=\"wp-page\" data-elementor-id=\"903\" class=\"elementor elementor-903\" data-elementor-settings=\"[]\">\n\t\t\t<div class=\"elementor-inner\">\n\t\t\t\t<div class=\"elementor-section-wrap\">\n\t\t\t\t\t\t\t<section class=\"elementor-element elementor-element-6e7f1a2 elementor-section-boxed elementor-section-height-default elementor-section-height-default elementor-section elementor-top-section\" data-id=\"6e7f1a2\" data-element_type=\"section\" data-settings=\"{&quot;background_background&quot;:&quot;classic&quot;}\">\n\t\t\t\t\t\t\t<div class=\"elementor-background-overlay\"><\/div>\n\t\t\t\t\t\t\t<div class=\"elementor-container elementor-column-gap-default\">\n\t\t\t\t<div class=\"elementor-row\">\n\t\t\t\t<div class=\"elementor-element elementor-element-b84b55c elementor-column elementor-col-100 elementor-top-column\" data-id=\"b84b55c\" data-element_type=\"column\">\n\t\t\t<div class=\"elementor-column-wrap  elementor-element-populated\">\n\t\t\t\t\t<div class=\"elementor-widget-wrap\">\n\t\t\t\t<section class=\"elementor-element elementor-element-81bb236 elementor-section-boxed elementor-section-height-default elementor-section-height-default elementor-section elementor-inner-section\" data-id=\"81bb236\" data-element_type=\"section\">\n\t\t\t\t\t\t<div class=\"elementor-container elementor-column-gap-default\">\n\t\t\t\t<div class=\"elementor-row\">\n\t\t\t\t<div class=\"elementor-element elementor-element-35bffa6 elementor-column elementor-col-25 elementor-inner-column\" data-id=\"35bffa6\" data-element_type=\"column\">\n\t\t\t<div class=\"elementor-column-wrap  elementor-element-populated\">\n\t\t\t\t\t<div class=\"elementor-widget-wrap\">\n\t\t\t\t<div class=\"elementor-element elementor-element-16cb4e6 elementor-view-default elementor-widget elementor-widget-icon\" data-id=\"16cb4e6\" data-element_type=\"widget\" data-widget_type=\"icon.default\">\n\t\t\t\t<div class=\"elementor-widget-container\">\n\t\t\t\t\t<div class=\"elementor-icon-wrapper\">\n\t\t\t<a class=\"elementor-icon\" href=\"http:\/\/waaas.org\">\n\t\t\t<i aria-hidden=\"true\" class=\"fas fa-arrow-left\"><\/i>\t\t\t<\/a>\n\t\t<\/div>\n\t\t\t\t<\/div>\n\t\t\t\t<\/div>\n\t\t\t\t\t\t<\/div>\n\t\t\t<\/div>\n\t\t<\/div>\n\t\t\t\t<div class=\"elementor-element elementor-element-ac17b10 elementor-column elementor-col-25 elementor-inner-column\" data-id=\"ac17b10\" data-element_type=\"column\">\n\t\t\t<div class=\"elementor-column-wrap\">\n\t\t\t\t\t<div class=\"elementor-widget-wrap\">\n\t\t\t\t\t\t<\/div>\n\t\t\t<\/div>\n\t\t<\/div>\n\t\t\t\t<div class=\"elementor-element elementor-element-1340cbb elementor-column elementor-col-25 elementor-inner-column\" data-id=\"1340cbb\" data-element_type=\"column\">\n\t\t\t<div class=\"elementor-column-wrap\">\n\t\t\t\t\t<div class=\"elementor-widget-wrap\">\n\t\t\t\t\t\t<\/div>\n\t\t\t<\/div>\n\t\t<\/div>\n\t\t\t\t<div class=\"elementor-element elementor-element-1a8b561 elementor-column elementor-col-25 elementor-inner-column\" data-id=\"1a8b561\" data-element_type=\"column\">\n\t\t\t<div class=\"elementor-column-wrap  elementor-element-populated\">\n\t\t\t\t\t<div class=\"elementor-widget-wrap\">\n\t\t\t\t<div class=\"elementor-element elementor-element-d2752cb elementor-widget elementor-widget-image\" data-id=\"d2752cb\" data-element_type=\"widget\" data-widget_type=\"image.default\">\n\t\t\t\t<div class=\"elementor-widget-container\">\n\t\t\t\t\t<div class=\"elementor-image\">\n\t\t\t\t\t\t\t\t\t\t\t<a href=\"http:\/\/waaas.org\">\n\t\t\t\t\t\t\t<img width=\"855\" height=\"209\" src=\"https:\/\/waaas.org\/wp-content\/uploads\/2020\/09\/logo_WAAAS-25.png\" class=\"attachment-large size-large\" alt=\"\" loading=\"lazy\" srcset=\"https:\/\/waaas.org\/wp-content\/uploads\/2020\/09\/logo_WAAAS-25.png 855w, https:\/\/waaas.org\/wp-content\/uploads\/2020\/09\/logo_WAAAS-25-300x73.png 300w, https:\/\/waaas.org\/wp-content\/uploads\/2020\/09\/logo_WAAAS-25-768x188.png 768w\" sizes=\"(max-width: 855px) 100vw, 855px\" \/>\t\t\t\t\t\t\t\t<\/a>\n\t\t\t\t\t\t\t\t\t\t\t<\/div>\n\t\t\t\t<\/div>\n\t\t\t\t<\/div>\n\t\t\t\t\t\t<\/div>\n\t\t\t<\/div>\n\t\t<\/div>\n\t\t\t\t\t\t<\/div>\n\t\t\t<\/div>\n\t\t<\/section>\n\t\t\t\t\t\t<\/div>\n\t\t\t<\/div>\n\t\t<\/div>\n\t\t\t\t\t\t<\/div>\n\t\t\t<\/div>\n\t\t<\/section>\n\t\t\t\t<section class=\"elementor-element elementor-element-1abb682 elementor-section-boxed elementor-section-height-default elementor-section-height-default elementor-section elementor-top-section\" data-id=\"1abb682\" data-element_type=\"section\">\n\t\t\t\t\t\t<div class=\"elementor-container elementor-column-gap-default\">\n\t\t\t\t<div class=\"elementor-row\">\n\t\t\t\t<div class=\"elementor-element elementor-element-4e987ba elementor-column elementor-col-100 elementor-top-column\" data-id=\"4e987ba\" data-element_type=\"column\">\n\t\t\t<div class=\"elementor-column-wrap  elementor-element-populated\">\n\t\t\t\t\t<div class=\"elementor-widget-wrap\">\n\t\t\t\t<section class=\"elementor-element elementor-element-320bc28 elementor-section-boxed elementor-section-height-default elementor-section-height-default elementor-section elementor-inner-section\" data-id=\"320bc28\" data-element_type=\"section\">\n\t\t\t\t\t\t<div class=\"elementor-container elementor-column-gap-default\">\n\t\t\t\t<div class=\"elementor-row\">\n\t\t\t\t<div class=\"elementor-element elementor-element-c6580d2 elementor-column elementor-col-50 elementor-inner-column\" data-id=\"c6580d2\" data-element_type=\"column\">\n\t\t\t<div class=\"elementor-column-wrap  elementor-element-populated\">\n\t\t\t\t\t<div class=\"elementor-widget-wrap\">\n\t\t\t\t<div class=\"elementor-element elementor-element-d61095b elementor-widget elementor-widget-spacer\" data-id=\"d61095b\" data-element_type=\"widget\" data-widget_type=\"spacer.default\">\n\t\t\t\t<div class=\"elementor-widget-container\">\n\t\t\t\t\t<div class=\"elementor-spacer\">\n\t\t\t<div class=\"elementor-spacer-inner\"><\/div>\n\t\t<\/div>\n\t\t\t\t<\/div>\n\t\t\t\t<\/div>\n\t\t\t\t<div class=\"elementor-element elementor-element-3a41963 elementor-widget elementor-widget-heading\" data-id=\"3a41963\" data-element_type=\"widget\" data-widget_type=\"heading.default\">\n\t\t\t\t<div class=\"elementor-widget-container\">\n\t\t\t<h2 class=\"elementor-heading-title elementor-size-default\">R\u00e9invention professionnelle<\/h2>\t\t<\/div>\n\t\t\t\t<\/div>\n\t\t\t\t<div class=\"elementor-element elementor-element-5787056 elementor-widget elementor-widget-text-editor\" data-id=\"5787056\" data-element_type=\"widget\" data-widget_type=\"text-editor.default\">\n\t\t\t\t<div class=\"elementor-widget-container\">\n\t\t\t\t\t<div class=\"elementor-text-editor elementor-clearfix\"><div id=\"raven-tabs-content-2071\" class=\"raven-tabs-content elementor-clearfix raven-tabs-active\" role=\"tabpanel\" aria-labelledby=\"raven-tabs-title-2071\" data-tab=\"1\"><h5><strong>Parcours de r\u00e9invention professionnelle<\/strong><\/h5><ul><li>Vous vivez une p\u00e9riode de transition <br \/>Vous sentez le besoin d&#8217;\u00eatre soutenu.e par un collectif <br \/>Vous vous sentez pr\u00eat.e \u00e0 faire un travail identitaire<br \/>Vous voulez clarifier vos intentions et aspirations profondes, activer vos talents et vous mettre en mouvement<\/li><li>Nous vous proposons un parcours de r\u00e9invention professionnelle, qui vise \u00e0 vous reconnecter \u00e0 votre vraie nature, \u00e0 vous permettre d&#8217;actualiser votre identit\u00e9 et de vous mettre en mouvement en vous appuyant sur la force du collectif<br \/>Le parcours int\u00e8gre les m\u00eames outils et approches du coaching individuel et collectif que WAAAS utilise pour ses formations au coaching\u00a0<br \/>C&#8217;est une exp\u00e9rience apprenante et transformatrice<\/li><li>Plus qu&#8217;un bilan de comp\u00e9tence qui aurait tendance \u00e0 vous conduire \u00e0 faire plus de la m\u00eame chose, ce parcours a pour intention de vous permettre de cr\u00e9er du neuf, de franchir vos fronti\u00e8res pour aller l\u00e0 o\u00f9 vous vous sentez appel\u00e9.e\u00a0<\/li><\/ul><ul><li><b><i>Une parcours sur 4 mois<\/i><\/b><br \/>3 sessions collectives de 2 jours en pr\u00e9sentiel\u00a0<br \/>6 sessions collectives de 2h en ligne<\/li><\/ul><ul><li><i><b>Tarif<br \/><\/b><\/i>Entreprises\u00a0 2 500 \u20ac HT<br \/>Start up et associations 1 800 \u20ac HT<br \/>Particuliers et ind\u00e9pendants 1 200 \u20ac HT<\/li><li><b>Dates<\/b><br \/>en cours<\/li><\/ul><div>\u00a0\u00a0<\/div><\/div><\/div>\n\t\t\t\t<\/div>\n\t\t\t\t<\/div>\n\t\t\t\t<div class=\"elementor-element elementor-element-06a4cd7 elementor-widget elementor-widget-divider\" data-id=\"06a4cd7\" data-element_type=\"widget\" data-widget_type=\"divider.default\">\n\t\t\t\t<div class=\"elementor-widget-container\">\n\t\t\t\t\t<div class=\"elementor-divider\">\n\t\t\t<span class=\"elementor-divider-separator\">\n\t\t\t\t\t\t<\/span>\n\t\t<\/div>\n\t\t\t\t<\/div>\n\t\t\t\t<\/div>\n\t\t\t\t\t\t<\/div>\n\t\t\t<\/div>\n\t\t<\/div>\n\t\t\t\t<div class=\"elementor-element elementor-element-6b671a8 elementor-column elementor-col-50 elementor-inner-column\" data-id=\"6b671a8\" data-element_type=\"column\">\n\t\t\t<div class=\"elementor-column-wrap\">\n\t\t\t\t\t<div class=\"elementor-widget-wrap\">\n\t\t\t\t\t\t<\/div>\n\t\t\t<\/div>\n\t\t<\/div>\n\t\t\t\t\t\t<\/div>\n\t\t\t<\/div>\n\t\t<\/section>\n\t\t\t\t<div class=\"elementor-element elementor-element-b090547 elementor-widget elementor-widget-spacer\" data-id=\"b090547\" data-element_type=\"widget\" data-widget_type=\"spacer.default\">\n\t\t\t\t<div class=\"elementor-widget-container\">\n\t\t\t\t\t<div class=\"elementor-spacer\">\n\t\t\t<div class=\"elementor-spacer-inner\"><\/div>\n\t\t<\/div>\n\t\t\t\t<\/div>\n\t\t\t\t<\/div>\n\t\t\t\t<div class=\"elementor-element elementor-element-8327557 elementor-shape-circle elementor-widget elementor-widget-social-icons\" data-id=\"8327557\" data-element_type=\"widget\" data-widget_type=\"social-icons.default\">\n\t\t\t\t<div class=\"elementor-widget-container\">\n\t\t\t\t\t<div class=\"elementor-social-icons-wrapper\">\n\t\t\t\t\t\t\t<a class=\"elementor-icon elementor-social-icon elementor-social-icon-facebook-f elementor-repeater-item-2e3d672\" href=\"https:\/\/www.facebook.com\/we.act.as.a.system\" target=\"_blank\">\n\t\t\t\t\t<span class=\"elementor-screen-only\">Facebook-f<\/span>\n\t\t\t\t\t<i class=\"fab fa-facebook-f\"><\/i>\t\t\t\t<\/a>\n\t\t\t\t\t\t\t<a class=\"elementor-icon elementor-social-icon elementor-social-icon-linkedin-in elementor-repeater-item-71a2bb8\" href=\"https:\/\/www.linkedin.com\/company\/waaas\" target=\"_blank\">\n\t\t\t\t\t<span class=\"elementor-screen-only\">Linkedin-in<\/span>\n\t\t\t\t\t<i class=\"fab fa-linkedin-in\"><\/i>\t\t\t\t<\/a>\n\t\t\t\t\t\t\t<a class=\"elementor-icon elementor-social-icon elementor-social-icon-twitter elementor-repeater-item-d0a6b3e\" target=\"_blank\">\n\t\t\t\t\t<span class=\"elementor-screen-only\">Twitter<\/span>\n\t\t\t\t\t<i class=\"fab fa-twitter\"><\/i>\t\t\t\t<\/a>\n\t\t\t\t\t<\/div>\n\t\t\t\t<\/div>\n\t\t\t\t<\/div>\n\t\t\t\t\t\t<\/div>\n\t\t\t<\/div>\n\t\t<\/div>\n\t\t\t\t\t\t<\/div>\n\t\t\t<\/div>\n\t\t<\/section>\n\t\t\t\t\t\t<\/div>\n\t\t\t<\/div>\n\t\t<\/div>\n\t\t","protected":false},"excerpt":{"rendered":"<p>R\u00e9invention professionnelle Parcours de r\u00e9invention professionnelle Vous vivez une p\u00e9riode de transition Vous sentez le besoin d&#8217;\u00eatre soutenu.e par un collectif Vous vous sentez pr\u00eat.e \u00e0 faire un travail identitaireVous voulez clarifier vos intentions et aspirations profondes, activer vos talents et vous mettre en mouvement Nous vous proposons un parcours de r\u00e9invention professionnelle, qui vise [&hellip;]<\/p>\n","protected":false},"author":1,"featured_media":0,"parent":0,"menu_order":0,"comment_status":"closed","ping_status":"closed","template":"elementor_header_footer","meta":[],"yoast_head":"<!-- This site is optimized with the Yoast SEO plugin v15.3 - https:\/\/yoast.com\/wordpress\/plugins\/seo\/ -->\n<title>R\u00e9invention professionnelle - WAAAS<\/title>\n<meta name=\"robots\" content=\"index, follow, max-snippet:-1, max-image-preview:large, max-video-preview:-1\" \/>\n<link rel=\"canonical\" href=\"https:\/\/waaas.org\/index.php\/reinvention-professionnelle\/\" \/>\n<meta property=\"og:locale\" content=\"en_US\" \/>\n<meta property=\"og:type\" content=\"article\" \/>\n<meta property=\"og:title\" content=\"R\u00e9invention professionnelle - WAAAS\" \/>\n<meta property=\"og:description\" content=\"R\u00e9invention professionnelle Parcours de r\u00e9invention professionnelle Vous vivez une p\u00e9riode de transition Vous sentez le besoin d&#8217;\u00eatre soutenu.e par un collectif Vous vous sentez pr\u00eat.e \u00e0 faire un travail identitaireVous voulez clarifier vos intentions et aspirations profondes, activer vos talents et vous mettre en mouvement Nous vous proposons un parcours de r\u00e9invention professionnelle, qui vise [&hellip;]\" \/>\n<meta property=\"og:url\" content=\"https:\/\/waaas.org\/index.php\/reinvention-professionnelle\/\" \/>\n<meta property=\"og:site_name\" content=\"WAAAS\" \/>\n<meta property=\"article:publisher\" content=\"https:\/\/www.facebook.com\/we.act.as.a.system\" \/>\n<meta property=\"article:modified_time\" content=\"2022-05-04T19:34:14+00:00\" \/>\n<meta property=\"og:image\" content=\"http:\/\/waaas.org\/wp-content\/uploads\/2020\/09\/logo_WAAAS-25.png\" \/>\n<meta name=\"twitter:card\" content=\"summary_large_image\" \/>\n<meta name=\"twitter:label1\" content=\"Written by\">\n\t<meta name=\"twitter:data1\" content=\"admin1224\">\n\t<meta name=\"twitter:label2\" content=\"Est. reading time\">\n\t<meta name=\"twitter:data2\" content=\"1 minute\">\n<script type=\"application\/ld+json\" class=\"yoast-schema-graph\">{\"@context\":\"https:\/\/schema.org\",\"@graph\":[{\"@type\":\"Organization\",\"@id\":\"https:\/\/waaas.org\/#organization\",\"name\":\"WAAAS\",\"url\":\"https:\/\/waaas.org\/\",\"sameAs\":[\"https:\/\/www.facebook.com\/we.act.as.a.system\",\"https:\/\/www.linkedin.com\/company\/70274688\/admin\/feed\/posts\/\"],\"logo\":{\"@type\":\"ImageObject\",\"@id\":\"https:\/\/waaas.org\/#logo\",\"inLanguage\":\"en-US\",\"url\":\"https:\/\/waaas.org\/wp-content\/uploads\/2020\/09\/logo-WAAAS-RVB-EXE.png\",\"width\":2386,\"height\":1351,\"caption\":\"WAAAS\"},\"image\":{\"@id\":\"https:\/\/waaas.org\/#logo\"}},{\"@type\":\"WebSite\",\"@id\":\"https:\/\/waaas.org\/#website\",\"url\":\"https:\/\/waaas.org\/\",\"name\":\"WAAAS\",\"description\":\"WE ACT AS A SYSTEM\",\"publisher\":{\"@id\":\"https:\/\/waaas.org\/#organization\"},\"potentialAction\":[{\"@type\":\"SearchAction\",\"target\":\"https:\/\/waaas.org\/?s={search_term_string}\",\"query-input\":\"required name=search_term_string\"}],\"inLanguage\":\"en-US\"},{\"@type\":\"ImageObject\",\"@id\":\"https:\/\/waaas.org\/index.php\/reinvention-professionnelle\/#primaryimage\",\"inLanguage\":\"en-US\",\"url\":\"http:\/\/waaas.org\/wp-content\/uploads\/2020\/09\/logo_WAAAS-25.png\"},{\"@type\":\"WebPage\",\"@id\":\"https:\/\/waaas.org\/index.php\/reinvention-professionnelle\/#webpage\",\"url\":\"https:\/\/waaas.org\/index.php\/reinvention-professionnelle\/\",\"name\":\"R\\u00e9invention professionnelle - WAAAS\",\"isPartOf\":{\"@id\":\"https:\/\/waaas.org\/#website\"},\"primaryImageOfPage\":{\"@id\":\"https:\/\/waaas.org\/index.php\/reinvention-professionnelle\/#primaryimage\"},\"datePublished\":\"2022-05-04T14:36:29+00:00\",\"dateModified\":\"2022-05-04T19:34:14+00:00\",\"inLanguage\":\"en-US\",\"potentialAction\":[{\"@type\":\"ReadAction\",\"target\":[\"https:\/\/waaas.org\/index.php\/reinvention-professionnelle\/\"]}]}]}<\/script>\n<!-- \/ Yoast SEO plugin. -->","_links":{"self":[{"href":"https:\/\/waaas.org\/index.php\/wp-json\/wp\/v2\/pages\/903"}],"collection":[{"href":"https:\/\/waaas.org\/index.php\/wp-json\/wp\/v2\/pages"}],"about":[{"href":"https:\/\/waaas.org\/index.php\/wp-json\/wp\/v2\/types\/page"}],"author":[{"embeddable":true,"href":"https:\/\/waaas.org\/index.php\/wp-json\/wp\/v2\/users\/1"}],"replies":[{"embeddable":true,"href":"https:\/\/waaas.org\/index.php\/wp-json\/wp\/v2\/comments?post=903"}],"version-history":[{"count":5,"href":"https:\/\/waaas.org\/index.php\/wp-json\/wp\/v2\/pages\/903\/revisions"}],"predecessor-version":[{"id":932,"href":"https:\/\/waaas.org\/index.php\/wp-json\/wp\/v2\/pages\/903\/revisions\/932"}],"wp:attachment":[{"href":"https:\/\/waaas.org\/index.php\/wp-json\/wp\/v2\/media?parent=903"}],"curies":[{"name":"wp","href":"https:\/\/api.w.org\/{rel}","templated":true}]}}