{"id":909,"date":"2022-05-04T16:43:39","date_gmt":"2022-05-04T14:43:39","guid":{"rendered":"http:\/\/waaas.org\/?page_id=909"},"modified":"2024-12-06T14:45:38","modified_gmt":"2024-12-06T13:45:38","slug":"cercles-de-dirigeants","status":"publish","type":"page","link":"https:\/\/waaas.org\/index.php\/cercles-de-dirigeants\/","title":{"rendered":"CERCLES de dirigeants"},"content":{"rendered":"<p><a href=\"http:\/\/waaas.org\"><br \/>\n<\/a><br \/>\n<a href=\"http:\/\/waaas.org\"><br \/>\n<img width=\"855\" height=\"209\" src=\"http:\/\/waaas.org\/wp-content\/uploads\/2020\/09\/logo_WAAAS-25.png\" alt=\"\" loading=\"lazy\" srcset=\"https:\/\/waaas.org\/wp-content\/uploads\/2020\/09\/logo_WAAAS-25.png 855w, https:\/\/waaas.org\/wp-content\/uploads\/2020\/09\/logo_WAAAS-25-300x73.png 300w, https:\/\/waaas.org\/wp-content\/uploads\/2020\/09\/logo_WAAAS-25-768x188.png 768w\" sizes=\"(max-width: 855px) 100vw, 855px\">\t\t\t\t\t\t\t\t<\/a><\/p>\n<h2>CERCLES de dirigeants<\/h2>\n<p>Waaas anime des cercles qui se r\u00e9unissent pour vivre et accompagner le changement de syst\u00e8me<\/p>\n<ul>\n<li>Cercle de dirigeants : entreprise et transition \u00e9cologique et soci\u00e9tale<br \/>\nGroupe en cours de constitution<br \/>\nLieu : Paris, Auray et en ligne<br \/>\nFr\u00e9quence : une demi-journ\u00e9e ou soir\u00e9e par mois et un week-end par trimestre<\/li>\n<\/ul>\n<p><a href=\"https:\/\/www.facebook.com\/we.act.as.a.system\" target=\"_blank\" rel=\"noopener noreferrer\"><br \/>\nFacebook-f<br \/>\n<\/a><br \/>\n<a href=\"https:\/\/www.linkedin.com\/company\/waaas\" target=\"_blank\" rel=\"noopener noreferrer\"><br \/>\nLinkedin-in<br \/>\n<\/a><br \/>\n<a target=\"_blank\" rel=\"noopener noreferrer\"><br \/>\nTwitter<br \/>\n<\/a><\/p>\n","protected":false},"excerpt":{"rendered":"<p>CERCLES de dirigeants Waaas anime des cercles qui se r\u00e9unissent pour vivre et accompagner le changement de syst\u00e8me Cercle de dirigeants : entreprise et transition \u00e9cologique et soci\u00e9tale Groupe en cours de constitution Lieu : Paris, Auray et en ligne Fr\u00e9quence : une demi-journ\u00e9e ou soir\u00e9e par mois et un week-end par trimestre Facebook-f Linkedin-in [&hellip;]<\/p>\n","protected":false},"author":1,"featured_media":0,"parent":0,"menu_order":0,"comment_status":"closed","ping_status":"closed","template":"elementor_header_footer","meta":[],"yoast_head":"<!-- This site is optimized with the Yoast SEO plugin v15.3 - https:\/\/yoast.com\/wordpress\/plugins\/seo\/ -->\n<title>CERCLES de dirigeants - WAAAS<\/title>\n<meta name=\"robots\" content=\"index, follow, max-snippet:-1, max-image-preview:large, max-video-preview:-1\" \/>\n<link rel=\"canonical\" href=\"https:\/\/waaas.org\/index.php\/cercles-de-dirigeants\/\" \/>\n<meta property=\"og:locale\" content=\"en_US\" \/>\n<meta property=\"og:type\" content=\"article\" \/>\n<meta property=\"og:title\" content=\"CERCLES de dirigeants - WAAAS\" \/>\n<meta property=\"og:description\" content=\"CERCLES de dirigeants Waaas anime des cercles qui se r\u00e9unissent pour vivre et accompagner le changement de syst\u00e8me Cercle de dirigeants : entreprise et transition \u00e9cologique et soci\u00e9tale Groupe en cours de constitution Lieu : Paris, Auray et en ligne Fr\u00e9quence : une demi-journ\u00e9e ou soir\u00e9e par mois et un week-end par trimestre Facebook-f Linkedin-in [&hellip;]\" \/>\n<meta property=\"og:url\" content=\"https:\/\/waaas.org\/index.php\/cercles-de-dirigeants\/\" \/>\n<meta property=\"og:site_name\" content=\"WAAAS\" \/>\n<meta property=\"article:publisher\" content=\"https:\/\/www.facebook.com\/we.act.as.a.system\" \/>\n<meta property=\"article:modified_time\" content=\"2024-12-06T13:45:38+00:00\" \/>\n<meta property=\"og:image\" content=\"http:\/\/waaas.org\/wp-content\/uploads\/2020\/09\/logo_WAAAS-25.png\" \/>\n<meta name=\"twitter:card\" content=\"summary_large_image\" \/>\n<meta name=\"twitter:label1\" content=\"Written by\">\n\t<meta name=\"twitter:data1\" content=\"admin1224\">\n\t<meta name=\"twitter:label2\" content=\"Est. reading time\">\n\t<meta name=\"twitter:data2\" content=\"0 minutes\">\n<script type=\"application\/ld+json\" class=\"yoast-schema-graph\">{\"@context\":\"https:\/\/schema.org\",\"@graph\":[{\"@type\":\"Organization\",\"@id\":\"https:\/\/waaas.org\/#organization\",\"name\":\"WAAAS\",\"url\":\"https:\/\/waaas.org\/\",\"sameAs\":[\"https:\/\/www.facebook.com\/we.act.as.a.system\",\"https:\/\/www.linkedin.com\/company\/70274688\/admin\/feed\/posts\/\"],\"logo\":{\"@type\":\"ImageObject\",\"@id\":\"https:\/\/waaas.org\/#logo\",\"inLanguage\":\"en-US\",\"url\":\"https:\/\/waaas.org\/wp-content\/uploads\/2020\/09\/logo-WAAAS-RVB-EXE.png\",\"width\":2386,\"height\":1351,\"caption\":\"WAAAS\"},\"image\":{\"@id\":\"https:\/\/waaas.org\/#logo\"}},{\"@type\":\"WebSite\",\"@id\":\"https:\/\/waaas.org\/#website\",\"url\":\"https:\/\/waaas.org\/\",\"name\":\"WAAAS\",\"description\":\"WE ACT AS A SYSTEM\",\"publisher\":{\"@id\":\"https:\/\/waaas.org\/#organization\"},\"potentialAction\":[{\"@type\":\"SearchAction\",\"target\":\"https:\/\/waaas.org\/?s={search_term_string}\",\"query-input\":\"required name=search_term_string\"}],\"inLanguage\":\"en-US\"},{\"@type\":\"ImageObject\",\"@id\":\"https:\/\/waaas.org\/index.php\/cercles-de-dirigeants\/#primaryimage\",\"inLanguage\":\"en-US\",\"url\":\"http:\/\/waaas.org\/wp-content\/uploads\/2020\/09\/logo_WAAAS-25.png\"},{\"@type\":\"WebPage\",\"@id\":\"https:\/\/waaas.org\/index.php\/cercles-de-dirigeants\/#webpage\",\"url\":\"https:\/\/waaas.org\/index.php\/cercles-de-dirigeants\/\",\"name\":\"CERCLES de dirigeants - WAAAS\",\"isPartOf\":{\"@id\":\"https:\/\/waaas.org\/#website\"},\"primaryImageOfPage\":{\"@id\":\"https:\/\/waaas.org\/index.php\/cercles-de-dirigeants\/#primaryimage\"},\"datePublished\":\"2022-05-04T14:43:39+00:00\",\"dateModified\":\"2024-12-06T13:45:38+00:00\",\"inLanguage\":\"en-US\",\"potentialAction\":[{\"@type\":\"ReadAction\",\"target\":[\"https:\/\/waaas.org\/index.php\/cercles-de-dirigeants\/\"]}]}]}<\/script>\n<!-- \/ Yoast SEO plugin. -->","_links":{"self":[{"href":"https:\/\/waaas.org\/index.php\/wp-json\/wp\/v2\/pages\/909"}],"collection":[{"href":"https:\/\/waaas.org\/index.php\/wp-json\/wp\/v2\/pages"}],"about":[{"href":"https:\/\/waaas.org\/index.php\/wp-json\/wp\/v2\/types\/page"}],"author":[{"embeddable":true,"href":"https:\/\/waaas.org\/index.php\/wp-json\/wp\/v2\/users\/1"}],"replies":[{"embeddable":true,"href":"https:\/\/waaas.org\/index.php\/wp-json\/wp\/v2\/comments?post=909"}],"version-history":[{"count":7,"href":"https:\/\/waaas.org\/index.php\/wp-json\/wp\/v2\/pages\/909\/revisions"}],"predecessor-version":[{"id":1106,"href":"https:\/\/waaas.org\/index.php\/wp-json\/wp\/v2\/pages\/909\/revisions\/1106"}],"wp:attachment":[{"href":"https:\/\/waaas.org\/index.php\/wp-json\/wp\/v2\/media?parent=909"}],"curies":[{"name":"wp","href":"https:\/\/api.w.org\/{rel}","templated":true}]}}