{"id":912,"date":"2022-05-04T16:45:50","date_gmt":"2022-05-04T14:45:50","guid":{"rendered":"http:\/\/waaas.org\/?page_id=912"},"modified":"2025-07-29T23:16:25","modified_gmt":"2025-07-29T21:16:25","slug":"lelement-humain","status":"publish","type":"page","link":"https:\/\/waaas.org\/index.php\/lelement-humain\/","title":{"rendered":"L&#8217;ELEMENT HUMAIN"},"content":{"rendered":"\t\t<div data-elementor-type=\"wp-page\" data-elementor-id=\"912\" class=\"elementor elementor-912\" data-elementor-settings=\"[]\">\n\t\t\t<div class=\"elementor-inner\">\n\t\t\t\t<div class=\"elementor-section-wrap\">\n\t\t\t\t\t\t\t<section class=\"elementor-element elementor-element-6e7f1a2 elementor-section-boxed elementor-section-height-default elementor-section-height-default elementor-section elementor-top-section\" data-id=\"6e7f1a2\" data-element_type=\"section\" data-settings=\"{&quot;background_background&quot;:&quot;classic&quot;}\">\n\t\t\t\t\t\t\t<div class=\"elementor-background-overlay\"><\/div>\n\t\t\t\t\t\t\t<div class=\"elementor-container elementor-column-gap-default\">\n\t\t\t\t<div class=\"elementor-row\">\n\t\t\t\t<div class=\"elementor-element elementor-element-b84b55c elementor-column elementor-col-100 elementor-top-column\" data-id=\"b84b55c\" data-element_type=\"column\">\n\t\t\t<div class=\"elementor-column-wrap  elementor-element-populated\">\n\t\t\t\t\t<div class=\"elementor-widget-wrap\">\n\t\t\t\t<section class=\"elementor-element elementor-element-81bb236 elementor-section-boxed elementor-section-height-default elementor-section-height-default elementor-section elementor-inner-section\" data-id=\"81bb236\" data-element_type=\"section\">\n\t\t\t\t\t\t<div class=\"elementor-container elementor-column-gap-default\">\n\t\t\t\t<div class=\"elementor-row\">\n\t\t\t\t<div class=\"elementor-element elementor-element-35bffa6 elementor-column elementor-col-25 elementor-inner-column\" data-id=\"35bffa6\" data-element_type=\"column\">\n\t\t\t<div class=\"elementor-column-wrap  elementor-element-populated\">\n\t\t\t\t\t<div class=\"elementor-widget-wrap\">\n\t\t\t\t<div class=\"elementor-element elementor-element-16cb4e6 elementor-view-default elementor-widget elementor-widget-icon\" data-id=\"16cb4e6\" data-element_type=\"widget\" data-widget_type=\"icon.default\">\n\t\t\t\t<div class=\"elementor-widget-container\">\n\t\t\t\t\t<div class=\"elementor-icon-wrapper\">\n\t\t\t<a class=\"elementor-icon\" href=\"http:\/\/waaas.org\">\n\t\t\t<i aria-hidden=\"true\" class=\"fas fa-arrow-left\"><\/i>\t\t\t<\/a>\n\t\t<\/div>\n\t\t\t\t<\/div>\n\t\t\t\t<\/div>\n\t\t\t\t\t\t<\/div>\n\t\t\t<\/div>\n\t\t<\/div>\n\t\t\t\t<div class=\"elementor-element elementor-element-ac17b10 elementor-column elementor-col-25 elementor-inner-column\" data-id=\"ac17b10\" data-element_type=\"column\">\n\t\t\t<div class=\"elementor-column-wrap\">\n\t\t\t\t\t<div class=\"elementor-widget-wrap\">\n\t\t\t\t\t\t<\/div>\n\t\t\t<\/div>\n\t\t<\/div>\n\t\t\t\t<div class=\"elementor-element elementor-element-1340cbb elementor-column elementor-col-25 elementor-inner-column\" data-id=\"1340cbb\" data-element_type=\"column\">\n\t\t\t<div class=\"elementor-column-wrap\">\n\t\t\t\t\t<div class=\"elementor-widget-wrap\">\n\t\t\t\t\t\t<\/div>\n\t\t\t<\/div>\n\t\t<\/div>\n\t\t\t\t<div class=\"elementor-element elementor-element-1a8b561 elementor-column elementor-col-25 elementor-inner-column\" data-id=\"1a8b561\" data-element_type=\"column\">\n\t\t\t<div class=\"elementor-column-wrap  elementor-element-populated\">\n\t\t\t\t\t<div class=\"elementor-widget-wrap\">\n\t\t\t\t<div class=\"elementor-element elementor-element-d2752cb elementor-widget elementor-widget-image\" data-id=\"d2752cb\" data-element_type=\"widget\" data-widget_type=\"image.default\">\n\t\t\t\t<div class=\"elementor-widget-container\">\n\t\t\t\t\t<div class=\"elementor-image\">\n\t\t\t\t\t\t\t\t\t\t\t<a href=\"http:\/\/waaas.org\">\n\t\t\t\t\t\t\t<img width=\"855\" height=\"209\" src=\"https:\/\/waaas.org\/wp-content\/uploads\/2020\/09\/logo_WAAAS-25.png\" class=\"attachment-large size-large\" alt=\"\" loading=\"lazy\" srcset=\"https:\/\/waaas.org\/wp-content\/uploads\/2020\/09\/logo_WAAAS-25.png 855w, https:\/\/waaas.org\/wp-content\/uploads\/2020\/09\/logo_WAAAS-25-300x73.png 300w, https:\/\/waaas.org\/wp-content\/uploads\/2020\/09\/logo_WAAAS-25-768x188.png 768w\" sizes=\"(max-width: 855px) 100vw, 855px\" \/>\t\t\t\t\t\t\t\t<\/a>\n\t\t\t\t\t\t\t\t\t\t\t<\/div>\n\t\t\t\t<\/div>\n\t\t\t\t<\/div>\n\t\t\t\t\t\t<\/div>\n\t\t\t<\/div>\n\t\t<\/div>\n\t\t\t\t\t\t<\/div>\n\t\t\t<\/div>\n\t\t<\/section>\n\t\t\t\t\t\t<\/div>\n\t\t\t<\/div>\n\t\t<\/div>\n\t\t\t\t\t\t<\/div>\n\t\t\t<\/div>\n\t\t<\/section>\n\t\t\t\t<section class=\"elementor-element elementor-element-1abb682 elementor-section-boxed elementor-section-height-default elementor-section-height-default elementor-section elementor-top-section\" data-id=\"1abb682\" data-element_type=\"section\">\n\t\t\t\t\t\t<div class=\"elementor-container elementor-column-gap-default\">\n\t\t\t\t<div class=\"elementor-row\">\n\t\t\t\t<div class=\"elementor-element elementor-element-4e987ba elementor-column elementor-col-100 elementor-top-column\" data-id=\"4e987ba\" data-element_type=\"column\">\n\t\t\t<div class=\"elementor-column-wrap  elementor-element-populated\">\n\t\t\t\t\t<div class=\"elementor-widget-wrap\">\n\t\t\t\t<section class=\"elementor-element elementor-element-320bc28 elementor-section-boxed elementor-section-height-default elementor-section-height-default elementor-section elementor-inner-section\" data-id=\"320bc28\" data-element_type=\"section\">\n\t\t\t\t\t\t<div class=\"elementor-container elementor-column-gap-default\">\n\t\t\t\t<div class=\"elementor-row\">\n\t\t\t\t<div class=\"elementor-element elementor-element-c6580d2 elementor-column elementor-col-50 elementor-inner-column\" data-id=\"c6580d2\" data-element_type=\"column\">\n\t\t\t<div class=\"elementor-column-wrap  elementor-element-populated\">\n\t\t\t\t\t<div class=\"elementor-widget-wrap\">\n\t\t\t\t<div class=\"elementor-element elementor-element-d61095b elementor-widget elementor-widget-spacer\" data-id=\"d61095b\" data-element_type=\"widget\" data-widget_type=\"spacer.default\">\n\t\t\t\t<div class=\"elementor-widget-container\">\n\t\t\t\t\t<div class=\"elementor-spacer\">\n\t\t\t<div class=\"elementor-spacer-inner\"><\/div>\n\t\t<\/div>\n\t\t\t\t<\/div>\n\t\t\t\t<\/div>\n\t\t\t\t<div class=\"elementor-element elementor-element-3a41963 elementor-widget elementor-widget-heading\" data-id=\"3a41963\" data-element_type=\"widget\" data-widget_type=\"heading.default\">\n\t\t\t\t<div class=\"elementor-widget-container\">\n\t\t\t<h2 class=\"elementor-heading-title elementor-size-default\">L'ELEMENT HUMAIN<\/h2>\t\t<\/div>\n\t\t\t\t<\/div>\n\t\t\t\t<div class=\"elementor-element elementor-element-5787056 elementor-widget elementor-widget-text-editor\" data-id=\"5787056\" data-element_type=\"widget\" data-widget_type=\"text-editor.default\">\n\t\t\t\t<div class=\"elementor-widget-container\">\n\t\t\t\t\t<div class=\"elementor-text-editor elementor-clearfix\"><div><p>L\u2019El\u00e9ment Humain est une approche syst\u00e9mique d\u00e9velopp\u00e9e par Will Schutz dans le but d&#8217;am\u00e9liorer les conditions de travail et l&#8217;atteinte des objectifs des individus et des \u00e9quipes.<\/p><p><em>Pour qu\u2019un changement soit durable, il doit partir de prises de conscience individuelles de nos propres comportements et motivations.<\/em><br \/><em>Le but de notre travail est de contribuer au d\u00e9veloppement d\u2019une meilleure conscience de soi, \u00e0 un climat d\u2019ouverture dans les organisations et \u00e0 une meilleure estime de soi des individus. Nous d\u00e9sirons avant tout que nos avanc\u00e9es dans la compr\u00e9hension de l\u2019\u00e9l\u00e9ment humain soient enfin \u00e0 la hauteur de nos avanc\u00e9es technologiques.<\/em><br \/><em>En r\u00e9alisant le pouvoir \u00e9norme de la v\u00e9rit\u00e9, en nous reconnaissant l\u2019incroyable capacit\u00e9 \u00e0 d\u00e9terminer nos propres vies, en d\u00e9passant notre propre peur de nous regarder ouvertement et honn\u00eatement, nous pouvons atteindre des sommets sans limites de productivit\u00e9 et d\u2019\u00e9panouissement dans nos organisations, nos relations et pour nous-m\u00eames.\u00a0\u00bb<br \/><\/em>Will Schutz<\/p><p><b>S\u00e9minaires exp\u00e9rientiels \u00ab L&#8217;El\u00e9ment Humain \u00bb<\/b><br \/><strong>Intra ou inter-entreprise<\/strong><\/p><p>Ces s\u00e9minaires s&#8217;adressent aux cadres, dirigeants, managers op\u00e9rationnels ou fonctionnels, chefs de projet, formateurs et commerciaux pour qui la qualit\u00e9 des relations au plus haut niveau est un essentielle dans leur pratique professionnelle.<\/p><p>La p\u00e9dagogie de l&#8217;El\u00e9ment Humain conduit les participants \u00e0 vivre la confiance tout en d\u00e9veloppant leurs comp\u00e9tences relationnelles en profondeur gr\u00e2ce aux exercices de feed-back circulaires, les mini-assessments, les tests FIRO\u00ae \u00c9l\u00e9ment B\u00ae, \u00c9l\u00e9ment F\u00ae, \u00c9l\u00e9ment S\u00ae valid\u00e9s scientifiquement et les visualisations.<\/p><\/div><ul><li><b><em>Module<\/em>\u00a0<em>1<\/em>\u00a0:\u00a0<\/b><em><b>D\u00e9velopper son leadership personnel et lib\u00e9rer son potentiel !<\/b><br \/><\/em>4 jours<br \/><em><br \/>Comprendre l\u2019impact de nos comportements dans les relations interpersonnelles<br \/><\/em><em><br \/>Les b\u00e9n\u00e9fices de ce module :<br \/><\/em>\u2013 S\u2019affirmer dans ses relations<br \/>\u2013 Favoriser la confiance dans ses \u00e9changes<br \/>\u2013 S\u2019adapter efficacement \u00e0 ses interlocuteurs<br \/>\u2013 Utiliser le plein potentiel de ses \u00e9motions<br \/>\u2013 Faire ses choix et d\u00e9cider plus ais\u00e9ment<br \/>\u2013 D\u00e9bloquer les attitudes rigides, sources de m\u00e9sentente et d\u2019inefficacit\u00e9 au travail<\/li><\/ul><ul><li><p><b><em>Module<\/em>\u00a0<em>2<\/em>\u00a0:\u00a0<\/b><em><b>D\u00e9velopper la performance collective et durable !<\/b><br \/><\/em>3 jours<\/p><p><em>Apprendre \u00e0 d\u00e9velopper une \u00e9quipe performante<\/em><\/p><p><em>Les b\u00e9n\u00e9fices de ce module :<\/em><br \/>\u2013 Comprendre les stades de d\u00e9veloppement des \u00e9quipes<br \/>\u2013 Cr\u00e9er l\u2019atmosph\u00e8re pour faire \u00e9merger l\u2019intelligence collective<br \/>\u2013 Cr\u00e9er les conditions pour d\u00e9velopper la coh\u00e9sion d\u2019\u00e9quipe<br \/>\u2013 Prendre des d\u00e9cisions p\u00e9rennes<\/p><\/li><li><p><b><i>Dates<\/i><\/b><\/p><p>\u00a0<\/p><\/li><li><p><b><i>Tarifs<br \/><\/i><\/b><br \/>Module 1<br \/>Entreprise 1800 \u20ac HT<br \/>Particuliers et ind\u00e9pendants 1000 \u20ac HT<\/p><p>Module 2<br \/>Entreprise 1350 \u20ac HT<br \/>Particuliers et ind\u00e9pendants 750 \u20ac HT<\/p><\/li><li><p>Ces s\u00e9minaires sont r\u00e9alis\u00e9s en partenariat avec <a href=\"http:\/\/www.koan-coaching.fr\/2020\/04\/13\/formation-approfondissement-element-humain\/\">Koan Coaching<\/a> et peuvent faire l&#8217;objet d&#8217;une convention de formation<br \/>Ils sont certifiants<\/p><\/li><li><p><b><i>Animation<\/i><\/b><br \/>Nathalie Vali\u00e8re<br \/>Coach de dirigeants et d&#8217;organisation, praticienne El\u00e9ment Humain\u00a0certifi\u00e9e\u00a0LHEP<\/p><\/li><li><p>Contact<br \/>nathalie@waaas.or<\/p><\/li><\/ul><\/div>\n\t\t\t\t<\/div>\n\t\t\t\t<\/div>\n\t\t\t\t<div class=\"elementor-element elementor-element-06a4cd7 elementor-widget elementor-widget-divider\" data-id=\"06a4cd7\" data-element_type=\"widget\" data-widget_type=\"divider.default\">\n\t\t\t\t<div class=\"elementor-widget-container\">\n\t\t\t\t\t<div class=\"elementor-divider\">\n\t\t\t<span class=\"elementor-divider-separator\">\n\t\t\t\t\t\t<\/span>\n\t\t<\/div>\n\t\t\t\t<\/div>\n\t\t\t\t<\/div>\n\t\t\t\t\t\t<\/div>\n\t\t\t<\/div>\n\t\t<\/div>\n\t\t\t\t<div class=\"elementor-element elementor-element-6b671a8 elementor-column elementor-col-50 elementor-inner-column\" data-id=\"6b671a8\" data-element_type=\"column\">\n\t\t\t<div class=\"elementor-column-wrap\">\n\t\t\t\t\t<div class=\"elementor-widget-wrap\">\n\t\t\t\t\t\t<\/div>\n\t\t\t<\/div>\n\t\t<\/div>\n\t\t\t\t\t\t<\/div>\n\t\t\t<\/div>\n\t\t<\/section>\n\t\t\t\t<div class=\"elementor-element elementor-element-b090547 elementor-widget elementor-widget-spacer\" data-id=\"b090547\" data-element_type=\"widget\" data-widget_type=\"spacer.default\">\n\t\t\t\t<div class=\"elementor-widget-container\">\n\t\t\t\t\t<div class=\"elementor-spacer\">\n\t\t\t<div class=\"elementor-spacer-inner\"><\/div>\n\t\t<\/div>\n\t\t\t\t<\/div>\n\t\t\t\t<\/div>\n\t\t\t\t<div class=\"elementor-element elementor-element-8327557 elementor-shape-circle elementor-widget elementor-widget-social-icons\" data-id=\"8327557\" data-element_type=\"widget\" data-widget_type=\"social-icons.default\">\n\t\t\t\t<div class=\"elementor-widget-container\">\n\t\t\t\t\t<div class=\"elementor-social-icons-wrapper\">\n\t\t\t\t\t\t\t<a class=\"elementor-icon elementor-social-icon elementor-social-icon-facebook-f elementor-repeater-item-2e3d672\" href=\"https:\/\/www.facebook.com\/we.act.as.a.system\" target=\"_blank\">\n\t\t\t\t\t<span class=\"elementor-screen-only\">Facebook-f<\/span>\n\t\t\t\t\t<i class=\"fab fa-facebook-f\"><\/i>\t\t\t\t<\/a>\n\t\t\t\t\t\t\t<a class=\"elementor-icon elementor-social-icon elementor-social-icon-linkedin-in elementor-repeater-item-71a2bb8\" href=\"https:\/\/www.linkedin.com\/company\/waaas\" target=\"_blank\">\n\t\t\t\t\t<span class=\"elementor-screen-only\">Linkedin-in<\/span>\n\t\t\t\t\t<i class=\"fab fa-linkedin-in\"><\/i>\t\t\t\t<\/a>\n\t\t\t\t\t\t\t<a class=\"elementor-icon elementor-social-icon elementor-social-icon-twitter elementor-repeater-item-d0a6b3e\" target=\"_blank\">\n\t\t\t\t\t<span class=\"elementor-screen-only\">Twitter<\/span>\n\t\t\t\t\t<i class=\"fab fa-twitter\"><\/i>\t\t\t\t<\/a>\n\t\t\t\t\t<\/div>\n\t\t\t\t<\/div>\n\t\t\t\t<\/div>\n\t\t\t\t\t\t<\/div>\n\t\t\t<\/div>\n\t\t<\/div>\n\t\t\t\t\t\t<\/div>\n\t\t\t<\/div>\n\t\t<\/section>\n\t\t\t\t\t\t<\/div>\n\t\t\t<\/div>\n\t\t<\/div>\n\t\t","protected":false},"excerpt":{"rendered":"<p>L&#8217;ELEMENT HUMAIN L\u2019El\u00e9ment Humain est une approche syst\u00e9mique d\u00e9velopp\u00e9e par Will Schutz dans le but d&#8217;am\u00e9liorer les conditions de travail et l&#8217;atteinte des objectifs des individus et des \u00e9quipes. Pour qu\u2019un changement soit durable, il doit partir de prises de conscience individuelles de nos propres comportements et motivations.Le but de notre travail est de contribuer [&hellip;]<\/p>\n","protected":false},"author":1,"featured_media":0,"parent":0,"menu_order":0,"comment_status":"closed","ping_status":"closed","template":"elementor_header_footer","meta":[],"yoast_head":"<!-- This site is optimized with the Yoast SEO plugin v15.3 - https:\/\/yoast.com\/wordpress\/plugins\/seo\/ -->\n<title>L&#039;ELEMENT HUMAIN - WAAAS<\/title>\n<meta name=\"robots\" content=\"index, follow, max-snippet:-1, max-image-preview:large, max-video-preview:-1\" \/>\n<link rel=\"canonical\" href=\"https:\/\/waaas.org\/index.php\/lelement-humain\/\" \/>\n<meta property=\"og:locale\" content=\"en_US\" \/>\n<meta property=\"og:type\" content=\"article\" \/>\n<meta property=\"og:title\" content=\"L&#039;ELEMENT HUMAIN - WAAAS\" \/>\n<meta property=\"og:description\" content=\"L&#8217;ELEMENT HUMAIN L\u2019El\u00e9ment Humain est une approche syst\u00e9mique d\u00e9velopp\u00e9e par Will Schutz dans le but d&#8217;am\u00e9liorer les conditions de travail et l&#8217;atteinte des objectifs des individus et des \u00e9quipes. Pour qu\u2019un changement soit durable, il doit partir de prises de conscience individuelles de nos propres comportements et motivations.Le but de notre travail est de contribuer [&hellip;]\" \/>\n<meta property=\"og:url\" content=\"https:\/\/waaas.org\/index.php\/lelement-humain\/\" \/>\n<meta property=\"og:site_name\" content=\"WAAAS\" \/>\n<meta property=\"article:publisher\" content=\"https:\/\/www.facebook.com\/we.act.as.a.system\" \/>\n<meta property=\"article:modified_time\" content=\"2025-07-29T21:16:25+00:00\" \/>\n<meta property=\"og:image\" content=\"https:\/\/waaas.org\/wp-content\/uploads\/2020\/09\/logo_WAAAS-25.png\" \/>\n<meta name=\"twitter:card\" content=\"summary_large_image\" \/>\n<meta name=\"twitter:label1\" content=\"Written by\">\n\t<meta name=\"twitter:data1\" content=\"admin1224\">\n\t<meta name=\"twitter:label2\" content=\"Est. reading time\">\n\t<meta name=\"twitter:data2\" content=\"2 minutes\">\n<script type=\"application\/ld+json\" class=\"yoast-schema-graph\">{\"@context\":\"https:\/\/schema.org\",\"@graph\":[{\"@type\":\"Organization\",\"@id\":\"https:\/\/waaas.org\/#organization\",\"name\":\"WAAAS\",\"url\":\"https:\/\/waaas.org\/\",\"sameAs\":[\"https:\/\/www.facebook.com\/we.act.as.a.system\",\"https:\/\/www.linkedin.com\/company\/70274688\/admin\/feed\/posts\/\"],\"logo\":{\"@type\":\"ImageObject\",\"@id\":\"https:\/\/waaas.org\/#logo\",\"inLanguage\":\"en-US\",\"url\":\"https:\/\/waaas.org\/wp-content\/uploads\/2020\/09\/logo-WAAAS-RVB-EXE.png\",\"width\":2386,\"height\":1351,\"caption\":\"WAAAS\"},\"image\":{\"@id\":\"https:\/\/waaas.org\/#logo\"}},{\"@type\":\"WebSite\",\"@id\":\"https:\/\/waaas.org\/#website\",\"url\":\"https:\/\/waaas.org\/\",\"name\":\"WAAAS\",\"description\":\"WE ACT AS A SYSTEM\",\"publisher\":{\"@id\":\"https:\/\/waaas.org\/#organization\"},\"potentialAction\":[{\"@type\":\"SearchAction\",\"target\":\"https:\/\/waaas.org\/?s={search_term_string}\",\"query-input\":\"required name=search_term_string\"}],\"inLanguage\":\"en-US\"},{\"@type\":\"ImageObject\",\"@id\":\"https:\/\/waaas.org\/index.php\/lelement-humain\/#primaryimage\",\"inLanguage\":\"en-US\",\"url\":\"https:\/\/waaas.org\/wp-content\/uploads\/2020\/09\/logo_WAAAS-25.png\",\"width\":855,\"height\":209},{\"@type\":\"WebPage\",\"@id\":\"https:\/\/waaas.org\/index.php\/lelement-humain\/#webpage\",\"url\":\"https:\/\/waaas.org\/index.php\/lelement-humain\/\",\"name\":\"L'ELEMENT HUMAIN - WAAAS\",\"isPartOf\":{\"@id\":\"https:\/\/waaas.org\/#website\"},\"primaryImageOfPage\":{\"@id\":\"https:\/\/waaas.org\/index.php\/lelement-humain\/#primaryimage\"},\"datePublished\":\"2022-05-04T14:45:50+00:00\",\"dateModified\":\"2025-07-29T21:16:25+00:00\",\"inLanguage\":\"en-US\",\"potentialAction\":[{\"@type\":\"ReadAction\",\"target\":[\"https:\/\/waaas.org\/index.php\/lelement-humain\/\"]}]}]}<\/script>\n<!-- \/ Yoast SEO plugin. -->","_links":{"self":[{"href":"https:\/\/waaas.org\/index.php\/wp-json\/wp\/v2\/pages\/912"}],"collection":[{"href":"https:\/\/waaas.org\/index.php\/wp-json\/wp\/v2\/pages"}],"about":[{"href":"https:\/\/waaas.org\/index.php\/wp-json\/wp\/v2\/types\/page"}],"author":[{"embeddable":true,"href":"https:\/\/waaas.org\/index.php\/wp-json\/wp\/v2\/users\/1"}],"replies":[{"embeddable":true,"href":"https:\/\/waaas.org\/index.php\/wp-json\/wp\/v2\/comments?post=912"}],"version-history":[{"count":6,"href":"https:\/\/waaas.org\/index.php\/wp-json\/wp\/v2\/pages\/912\/revisions"}],"predecessor-version":[{"id":1147,"href":"https:\/\/waaas.org\/index.php\/wp-json\/wp\/v2\/pages\/912\/revisions\/1147"}],"wp:attachment":[{"href":"https:\/\/waaas.org\/index.php\/wp-json\/wp\/v2\/media?parent=912"}],"curies":[{"name":"wp","href":"https:\/\/api.w.org\/{rel}","templated":true}]}}