{"id":942,"date":"2022-05-04T21:43:23","date_gmt":"2022-05-04T19:43:23","guid":{"rendered":"http:\/\/waaas.org\/?page_id=942"},"modified":"2023-03-14T10:18:17","modified_gmt":"2023-03-14T09:18:17","slug":"process-com","status":"publish","type":"page","link":"https:\/\/waaas.org\/index.php\/process-com\/","title":{"rendered":"PROCESS COM"},"content":{"rendered":"\t\t<div data-elementor-type=\"wp-page\" data-elementor-id=\"942\" class=\"elementor elementor-942\" data-elementor-settings=\"[]\">\n\t\t\t<div class=\"elementor-inner\">\n\t\t\t\t<div class=\"elementor-section-wrap\">\n\t\t\t\t\t\t\t<section class=\"elementor-element elementor-element-6e7f1a2 elementor-section-boxed elementor-section-height-default elementor-section-height-default elementor-section elementor-top-section\" data-id=\"6e7f1a2\" data-element_type=\"section\" data-settings=\"{&quot;background_background&quot;:&quot;classic&quot;}\">\n\t\t\t\t\t\t\t<div class=\"elementor-background-overlay\"><\/div>\n\t\t\t\t\t\t\t<div class=\"elementor-container elementor-column-gap-default\">\n\t\t\t\t<div class=\"elementor-row\">\n\t\t\t\t<div class=\"elementor-element elementor-element-b84b55c elementor-column elementor-col-100 elementor-top-column\" data-id=\"b84b55c\" data-element_type=\"column\">\n\t\t\t<div class=\"elementor-column-wrap  elementor-element-populated\">\n\t\t\t\t\t<div class=\"elementor-widget-wrap\">\n\t\t\t\t<section class=\"elementor-element elementor-element-81bb236 elementor-section-boxed elementor-section-height-default elementor-section-height-default elementor-section elementor-inner-section\" data-id=\"81bb236\" data-element_type=\"section\">\n\t\t\t\t\t\t<div class=\"elementor-container elementor-column-gap-default\">\n\t\t\t\t<div class=\"elementor-row\">\n\t\t\t\t<div class=\"elementor-element elementor-element-35bffa6 elementor-column elementor-col-25 elementor-inner-column\" data-id=\"35bffa6\" data-element_type=\"column\">\n\t\t\t<div class=\"elementor-column-wrap  elementor-element-populated\">\n\t\t\t\t\t<div class=\"elementor-widget-wrap\">\n\t\t\t\t<div class=\"elementor-element elementor-element-16cb4e6 elementor-view-default elementor-widget elementor-widget-icon\" data-id=\"16cb4e6\" data-element_type=\"widget\" data-widget_type=\"icon.default\">\n\t\t\t\t<div class=\"elementor-widget-container\">\n\t\t\t\t\t<div class=\"elementor-icon-wrapper\">\n\t\t\t<a class=\"elementor-icon\" href=\"http:\/\/waaas.org\">\n\t\t\t<i aria-hidden=\"true\" class=\"fas fa-arrow-left\"><\/i>\t\t\t<\/a>\n\t\t<\/div>\n\t\t\t\t<\/div>\n\t\t\t\t<\/div>\n\t\t\t\t\t\t<\/div>\n\t\t\t<\/div>\n\t\t<\/div>\n\t\t\t\t<div class=\"elementor-element elementor-element-ac17b10 elementor-column elementor-col-25 elementor-inner-column\" data-id=\"ac17b10\" data-element_type=\"column\">\n\t\t\t<div class=\"elementor-column-wrap\">\n\t\t\t\t\t<div class=\"elementor-widget-wrap\">\n\t\t\t\t\t\t<\/div>\n\t\t\t<\/div>\n\t\t<\/div>\n\t\t\t\t<div class=\"elementor-element elementor-element-1340cbb elementor-column elementor-col-25 elementor-inner-column\" data-id=\"1340cbb\" data-element_type=\"column\">\n\t\t\t<div class=\"elementor-column-wrap\">\n\t\t\t\t\t<div class=\"elementor-widget-wrap\">\n\t\t\t\t\t\t<\/div>\n\t\t\t<\/div>\n\t\t<\/div>\n\t\t\t\t<div class=\"elementor-element elementor-element-1a8b561 elementor-column elementor-col-25 elementor-inner-column\" data-id=\"1a8b561\" data-element_type=\"column\">\n\t\t\t<div class=\"elementor-column-wrap  elementor-element-populated\">\n\t\t\t\t\t<div class=\"elementor-widget-wrap\">\n\t\t\t\t<div class=\"elementor-element elementor-element-d2752cb elementor-widget elementor-widget-image\" data-id=\"d2752cb\" data-element_type=\"widget\" data-widget_type=\"image.default\">\n\t\t\t\t<div class=\"elementor-widget-container\">\n\t\t\t\t\t<div class=\"elementor-image\">\n\t\t\t\t\t\t\t\t\t\t\t<a href=\"http:\/\/waaas.org\">\n\t\t\t\t\t\t\t<img width=\"855\" height=\"209\" src=\"https:\/\/waaas.org\/wp-content\/uploads\/2020\/09\/logo_WAAAS-22.png\" class=\"attachment-large size-large\" alt=\"\" loading=\"lazy\" srcset=\"https:\/\/waaas.org\/wp-content\/uploads\/2020\/09\/logo_WAAAS-22.png 855w, https:\/\/waaas.org\/wp-content\/uploads\/2020\/09\/logo_WAAAS-22-300x73.png 300w, https:\/\/waaas.org\/wp-content\/uploads\/2020\/09\/logo_WAAAS-22-768x188.png 768w\" sizes=\"(max-width: 855px) 100vw, 855px\" \/>\t\t\t\t\t\t\t\t<\/a>\n\t\t\t\t\t\t\t\t\t\t\t<\/div>\n\t\t\t\t<\/div>\n\t\t\t\t<\/div>\n\t\t\t\t\t\t<\/div>\n\t\t\t<\/div>\n\t\t<\/div>\n\t\t\t\t\t\t<\/div>\n\t\t\t<\/div>\n\t\t<\/section>\n\t\t\t\t\t\t<\/div>\n\t\t\t<\/div>\n\t\t<\/div>\n\t\t\t\t\t\t<\/div>\n\t\t\t<\/div>\n\t\t<\/section>\n\t\t\t\t<section class=\"elementor-element elementor-element-1abb682 elementor-section-boxed elementor-section-height-default elementor-section-height-default elementor-section elementor-top-section\" data-id=\"1abb682\" data-element_type=\"section\">\n\t\t\t\t\t\t<div class=\"elementor-container elementor-column-gap-default\">\n\t\t\t\t<div class=\"elementor-row\">\n\t\t\t\t<div class=\"elementor-element elementor-element-4e987ba elementor-column elementor-col-100 elementor-top-column\" data-id=\"4e987ba\" data-element_type=\"column\">\n\t\t\t<div class=\"elementor-column-wrap  elementor-element-populated\">\n\t\t\t\t\t<div class=\"elementor-widget-wrap\">\n\t\t\t\t<section class=\"elementor-element elementor-element-320bc28 elementor-section-boxed elementor-section-height-default elementor-section-height-default elementor-section elementor-inner-section\" data-id=\"320bc28\" data-element_type=\"section\">\n\t\t\t\t\t\t<div class=\"elementor-container elementor-column-gap-default\">\n\t\t\t\t<div class=\"elementor-row\">\n\t\t\t\t<div class=\"elementor-element elementor-element-c6580d2 elementor-column elementor-col-50 elementor-inner-column\" data-id=\"c6580d2\" data-element_type=\"column\">\n\t\t\t<div class=\"elementor-column-wrap  elementor-element-populated\">\n\t\t\t\t\t<div class=\"elementor-widget-wrap\">\n\t\t\t\t<div class=\"elementor-element elementor-element-d61095b elementor-widget elementor-widget-spacer\" data-id=\"d61095b\" data-element_type=\"widget\" data-widget_type=\"spacer.default\">\n\t\t\t\t<div class=\"elementor-widget-container\">\n\t\t\t\t\t<div class=\"elementor-spacer\">\n\t\t\t<div class=\"elementor-spacer-inner\"><\/div>\n\t\t<\/div>\n\t\t\t\t<\/div>\n\t\t\t\t<\/div>\n\t\t\t\t<div class=\"elementor-element elementor-element-3a41963 elementor-widget elementor-widget-heading\" data-id=\"3a41963\" data-element_type=\"widget\" data-widget_type=\"heading.default\">\n\t\t\t\t<div class=\"elementor-widget-container\">\n\t\t\t<h2 class=\"elementor-heading-title elementor-size-default\">Initiation PCM<\/h2>\t\t<\/div>\n\t\t\t\t<\/div>\n\t\t\t\t<div class=\"elementor-element elementor-element-5787056 elementor-widget elementor-widget-text-editor\" data-id=\"5787056\" data-element_type=\"widget\" data-widget_type=\"text-editor.default\">\n\t\t\t\t<div class=\"elementor-widget-container\">\n\t\t\t\t\t<div class=\"elementor-text-editor elementor-clearfix\"><div role=\"tabpanel\" aria-labelledby=\"raven-tabs-title-2071\" data-tab=\"1\"><p><b>Initiation au Process Communication Model (PCM)\u00a0<\/b><\/p><p>en intra ou inter<\/p><p>D\u00e9velopper une meilleure connaissance et conscience de sa propre personnalit\u00e9, et savoir reconnaitre des comportements observables chez les autres pour adapter sa communication et d\u00e9velopper des relations plus efficaces et harmonieuses.<\/p><p><b>Objectifs\u00a0:<\/b><\/p><ul><li>Mieux comprendre son fonctionnement et celui des autres pour d\u00e9velopper une approche positive et bienveillante vis-\u00e0-vis de soi et de ses interlocuteurs<\/li><li>Savoir identifier le type de personnalit\u00e9 dominant de ses interlocuteurs et ajuster sa communication pour \u00e9viter les malentendus, source de tension et de conflits<\/li><li>Savoir motiver ses interlocuteurs en activant leurs leviers de motivation, en adaptant votre style de management et en int\u00e9grant leur environnement pr\u00e9f\u00e9r\u00e9<\/li><li>Identifier les signaux de stress pour mieux g\u00e9rer les comportements associ\u00e9s<\/li><\/ul><p><b>Dur\u00e9e\u00a0:<\/b><\/p><ul><li>1 jour en pr\u00e9sentiel ou distanciel<\/li><\/ul><p><b>Contenus :<\/b><\/p><ul><li>Matin\u00e9e\u00a0:<ul><li>D\u00e9couverte du mod\u00e8le PCM, des 6 types de personnalit\u00e9 et de leurs caract\u00e9ristiques et de sa \u00ab\u00a0structure de personnalit\u00e9\u00a0\u00bb individuelle<\/li><li>Am\u00e9liorer sa communication en d\u00e9couvrant les perceptions de chaque type de personnalit\u00e9.<\/li><\/ul><\/li><li>Apr\u00e8s-midi :<ul><li>S\u2019entrainer \u00e0 communiquer avec les diff\u00e9rents types de personnalit\u00e9<\/li><li>Les besoins psychologiques, source de motivation ou de d\u00e9motivation<\/li><\/ul><\/li><li>Pour obtenir le programme d\u00e9taill\u00e9, cliquer ici\u00a0<\/li><\/ul><p><b>Lieu : <\/b>en pr\u00e9sentiel \u00e0 Paris ou en distanciel<\/p><p><b>Dates : <\/b>12 septembre 2023<\/p><p><strong>Tarif<\/strong> : 400 \u20ac HT, soit 480 \u20ac TTC<\/p><p>Formation dispens\u00e9e par Francois Michel NICOL Consulting, formateur certifi\u00e9 PCM et Qualiopi. <br \/>Finan\u00e7able par les OPCO.<\/p><p>Plus d&#8217;information <a href=\"https:\/\/docs.google.com\/document\/d\/16oEmfGm65w8ZRvKZhlTF3Qxeo0AXBUOv\/edit?usp=share_link&amp;ouid=103329501480416270467&amp;rtpof=true&amp;sd=true\">ici<\/a><\/p><p><b>Contact :<\/b><br \/>francois@waaas.org<\/p><p><em>Une formation appr\u00e9ci\u00e9e : 94% des 141 stagiaires form\u00e9s en 2021 et 2022 par Francois Michel NICOL Consulting au Process Communication Model\u00a0 se sont d\u00e9clar\u00e9s \u00ab satisfaits \u00bb ou \u00ab tr\u00e8s satisfaits \u00bb et 95% recommandent la formation.<\/em><\/p><p>\u00a0<\/p><\/div><\/div>\n\t\t\t\t<\/div>\n\t\t\t\t<\/div>\n\t\t\t\t<div class=\"elementor-element elementor-element-06a4cd7 elementor-widget elementor-widget-divider\" data-id=\"06a4cd7\" data-element_type=\"widget\" data-widget_type=\"divider.default\">\n\t\t\t\t<div class=\"elementor-widget-container\">\n\t\t\t\t\t<div class=\"elementor-divider\">\n\t\t\t<span class=\"elementor-divider-separator\">\n\t\t\t\t\t\t<\/span>\n\t\t<\/div>\n\t\t\t\t<\/div>\n\t\t\t\t<\/div>\n\t\t\t\t\t\t<\/div>\n\t\t\t<\/div>\n\t\t<\/div>\n\t\t\t\t<div class=\"elementor-element elementor-element-6b671a8 elementor-column elementor-col-50 elementor-inner-column\" data-id=\"6b671a8\" data-element_type=\"column\">\n\t\t\t<div class=\"elementor-column-wrap\">\n\t\t\t\t\t<div class=\"elementor-widget-wrap\">\n\t\t\t\t\t\t<\/div>\n\t\t\t<\/div>\n\t\t<\/div>\n\t\t\t\t\t\t<\/div>\n\t\t\t<\/div>\n\t\t<\/section>\n\t\t\t\t<div class=\"elementor-element elementor-element-b090547 elementor-widget elementor-widget-spacer\" data-id=\"b090547\" data-element_type=\"widget\" data-widget_type=\"spacer.default\">\n\t\t\t\t<div class=\"elementor-widget-container\">\n\t\t\t\t\t<div class=\"elementor-spacer\">\n\t\t\t<div class=\"elementor-spacer-inner\"><\/div>\n\t\t<\/div>\n\t\t\t\t<\/div>\n\t\t\t\t<\/div>\n\t\t\t\t<div class=\"elementor-element elementor-element-8327557 elementor-shape-circle elementor-widget elementor-widget-social-icons\" data-id=\"8327557\" data-element_type=\"widget\" data-widget_type=\"social-icons.default\">\n\t\t\t\t<div class=\"elementor-widget-container\">\n\t\t\t\t\t<div class=\"elementor-social-icons-wrapper\">\n\t\t\t\t\t\t\t<a class=\"elementor-icon elementor-social-icon elementor-social-icon-facebook-f elementor-repeater-item-2e3d672\" href=\"https:\/\/www.facebook.com\/we.act.as.a.system\" target=\"_blank\">\n\t\t\t\t\t<span class=\"elementor-screen-only\">Facebook-f<\/span>\n\t\t\t\t\t<i class=\"fab fa-facebook-f\"><\/i>\t\t\t\t<\/a>\n\t\t\t\t\t\t\t<a class=\"elementor-icon elementor-social-icon elementor-social-icon-linkedin-in elementor-repeater-item-71a2bb8\" href=\"https:\/\/www.linkedin.com\/company\/waaas\" target=\"_blank\">\n\t\t\t\t\t<span class=\"elementor-screen-only\">Linkedin-in<\/span>\n\t\t\t\t\t<i class=\"fab fa-linkedin-in\"><\/i>\t\t\t\t<\/a>\n\t\t\t\t\t\t\t<a class=\"elementor-icon elementor-social-icon elementor-social-icon-twitter elementor-repeater-item-d0a6b3e\" target=\"_blank\">\n\t\t\t\t\t<span class=\"elementor-screen-only\">Twitter<\/span>\n\t\t\t\t\t<i class=\"fab fa-twitter\"><\/i>\t\t\t\t<\/a>\n\t\t\t\t\t<\/div>\n\t\t\t\t<\/div>\n\t\t\t\t<\/div>\n\t\t\t\t\t\t<\/div>\n\t\t\t<\/div>\n\t\t<\/div>\n\t\t\t\t\t\t<\/div>\n\t\t\t<\/div>\n\t\t<\/section>\n\t\t\t\t\t\t<\/div>\n\t\t\t<\/div>\n\t\t<\/div>\n\t\t","protected":false},"excerpt":{"rendered":"<p>Initiation PCM Initiation au Process Communication Model (PCM)\u00a0 en intra ou inter D\u00e9velopper une meilleure connaissance et conscience de sa propre personnalit\u00e9, et savoir reconnaitre des comportements observables chez les autres pour adapter sa communication et d\u00e9velopper des relations plus efficaces et harmonieuses. Objectifs\u00a0: Mieux comprendre son fonctionnement et celui des autres pour d\u00e9velopper une [&hellip;]<\/p>\n","protected":false},"author":1,"featured_media":0,"parent":0,"menu_order":0,"comment_status":"closed","ping_status":"closed","template":"elementor_header_footer","meta":[],"yoast_head":"<!-- This site is optimized with the Yoast SEO plugin v15.3 - https:\/\/yoast.com\/wordpress\/plugins\/seo\/ -->\n<title>PROCESS COM - WAAAS<\/title>\n<meta name=\"robots\" content=\"index, follow, max-snippet:-1, max-image-preview:large, max-video-preview:-1\" \/>\n<link rel=\"canonical\" href=\"https:\/\/waaas.org\/index.php\/process-com\/\" \/>\n<meta property=\"og:locale\" content=\"en_US\" \/>\n<meta property=\"og:type\" content=\"article\" \/>\n<meta property=\"og:title\" content=\"PROCESS COM - WAAAS\" \/>\n<meta property=\"og:description\" content=\"Initiation PCM Initiation au Process Communication Model (PCM)\u00a0 en intra ou inter D\u00e9velopper une meilleure connaissance et conscience de sa propre personnalit\u00e9, et savoir reconnaitre des comportements observables chez les autres pour adapter sa communication et d\u00e9velopper des relations plus efficaces et harmonieuses. Objectifs\u00a0: Mieux comprendre son fonctionnement et celui des autres pour d\u00e9velopper une [&hellip;]\" \/>\n<meta property=\"og:url\" content=\"https:\/\/waaas.org\/index.php\/process-com\/\" \/>\n<meta property=\"og:site_name\" content=\"WAAAS\" \/>\n<meta property=\"article:publisher\" content=\"https:\/\/www.facebook.com\/we.act.as.a.system\" \/>\n<meta property=\"article:modified_time\" content=\"2023-03-14T09:18:17+00:00\" \/>\n<meta property=\"og:image\" content=\"http:\/\/waaas.org\/wp-content\/uploads\/2020\/09\/logo_WAAAS-22.png\" \/>\n<meta name=\"twitter:card\" content=\"summary_large_image\" \/>\n<meta name=\"twitter:label1\" content=\"Written by\">\n\t<meta name=\"twitter:data1\" content=\"admin1224\">\n\t<meta name=\"twitter:label2\" content=\"Est. reading time\">\n\t<meta name=\"twitter:data2\" content=\"1 minute\">\n<script type=\"application\/ld+json\" class=\"yoast-schema-graph\">{\"@context\":\"https:\/\/schema.org\",\"@graph\":[{\"@type\":\"Organization\",\"@id\":\"https:\/\/waaas.org\/#organization\",\"name\":\"WAAAS\",\"url\":\"https:\/\/waaas.org\/\",\"sameAs\":[\"https:\/\/www.facebook.com\/we.act.as.a.system\",\"https:\/\/www.linkedin.com\/company\/70274688\/admin\/feed\/posts\/\"],\"logo\":{\"@type\":\"ImageObject\",\"@id\":\"https:\/\/waaas.org\/#logo\",\"inLanguage\":\"en-US\",\"url\":\"https:\/\/waaas.org\/wp-content\/uploads\/2020\/09\/logo-WAAAS-RVB-EXE.png\",\"width\":2386,\"height\":1351,\"caption\":\"WAAAS\"},\"image\":{\"@id\":\"https:\/\/waaas.org\/#logo\"}},{\"@type\":\"WebSite\",\"@id\":\"https:\/\/waaas.org\/#website\",\"url\":\"https:\/\/waaas.org\/\",\"name\":\"WAAAS\",\"description\":\"WE ACT AS A SYSTEM\",\"publisher\":{\"@id\":\"https:\/\/waaas.org\/#organization\"},\"potentialAction\":[{\"@type\":\"SearchAction\",\"target\":\"https:\/\/waaas.org\/?s={search_term_string}\",\"query-input\":\"required name=search_term_string\"}],\"inLanguage\":\"en-US\"},{\"@type\":\"ImageObject\",\"@id\":\"https:\/\/waaas.org\/index.php\/process-com\/#primaryimage\",\"inLanguage\":\"en-US\",\"url\":\"http:\/\/waaas.org\/wp-content\/uploads\/2020\/09\/logo_WAAAS-22.png\"},{\"@type\":\"WebPage\",\"@id\":\"https:\/\/waaas.org\/index.php\/process-com\/#webpage\",\"url\":\"https:\/\/waaas.org\/index.php\/process-com\/\",\"name\":\"PROCESS COM - WAAAS\",\"isPartOf\":{\"@id\":\"https:\/\/waaas.org\/#website\"},\"primaryImageOfPage\":{\"@id\":\"https:\/\/waaas.org\/index.php\/process-com\/#primaryimage\"},\"datePublished\":\"2022-05-04T19:43:23+00:00\",\"dateModified\":\"2023-03-14T09:18:17+00:00\",\"inLanguage\":\"en-US\",\"potentialAction\":[{\"@type\":\"ReadAction\",\"target\":[\"https:\/\/waaas.org\/index.php\/process-com\/\"]}]}]}<\/script>\n<!-- \/ Yoast SEO plugin. -->","_links":{"self":[{"href":"https:\/\/waaas.org\/index.php\/wp-json\/wp\/v2\/pages\/942"}],"collection":[{"href":"https:\/\/waaas.org\/index.php\/wp-json\/wp\/v2\/pages"}],"about":[{"href":"https:\/\/waaas.org\/index.php\/wp-json\/wp\/v2\/types\/page"}],"author":[{"embeddable":true,"href":"https:\/\/waaas.org\/index.php\/wp-json\/wp\/v2\/users\/1"}],"replies":[{"embeddable":true,"href":"https:\/\/waaas.org\/index.php\/wp-json\/wp\/v2\/comments?post=942"}],"version-history":[{"count":6,"href":"https:\/\/waaas.org\/index.php\/wp-json\/wp\/v2\/pages\/942\/revisions"}],"predecessor-version":[{"id":1028,"href":"https:\/\/waaas.org\/index.php\/wp-json\/wp\/v2\/pages\/942\/revisions\/1028"}],"wp:attachment":[{"href":"https:\/\/waaas.org\/index.php\/wp-json\/wp\/v2\/media?parent=942"}],"curies":[{"name":"wp","href":"https:\/\/api.w.org\/{rel}","templated":true}]}}