{"id":946,"date":"2022-05-04T21:45:23","date_gmt":"2022-05-04T19:45:23","guid":{"rendered":"http:\/\/waaas.org\/?page_id=946"},"modified":"2024-12-06T13:45:55","modified_gmt":"2024-12-06T12:45:55","slug":"theorie-u","status":"publish","type":"page","link":"https:\/\/waaas.org\/index.php\/theorie-u\/","title":{"rendered":"THEORIE U"},"content":{"rendered":"\t\t<div data-elementor-type=\"wp-page\" data-elementor-id=\"946\" class=\"elementor elementor-946\" data-elementor-settings=\"[]\">\n\t\t\t<div class=\"elementor-inner\">\n\t\t\t\t<div class=\"elementor-section-wrap\">\n\t\t\t\t\t\t\t<section class=\"elementor-element elementor-element-6e7f1a2 elementor-section-boxed elementor-section-height-default elementor-section-height-default elementor-section elementor-top-section\" data-id=\"6e7f1a2\" data-element_type=\"section\" data-settings=\"{&quot;background_background&quot;:&quot;classic&quot;}\">\n\t\t\t\t\t\t\t<div class=\"elementor-background-overlay\"><\/div>\n\t\t\t\t\t\t\t<div class=\"elementor-container elementor-column-gap-default\">\n\t\t\t\t<div class=\"elementor-row\">\n\t\t\t\t<div class=\"elementor-element elementor-element-b84b55c elementor-column elementor-col-100 elementor-top-column\" data-id=\"b84b55c\" data-element_type=\"column\">\n\t\t\t<div class=\"elementor-column-wrap  elementor-element-populated\">\n\t\t\t\t\t<div class=\"elementor-widget-wrap\">\n\t\t\t\t<section class=\"elementor-element elementor-element-81bb236 elementor-section-boxed elementor-section-height-default elementor-section-height-default elementor-section elementor-inner-section\" data-id=\"81bb236\" data-element_type=\"section\">\n\t\t\t\t\t\t<div class=\"elementor-container elementor-column-gap-default\">\n\t\t\t\t<div class=\"elementor-row\">\n\t\t\t\t<div class=\"elementor-element elementor-element-35bffa6 elementor-column elementor-col-25 elementor-inner-column\" data-id=\"35bffa6\" data-element_type=\"column\">\n\t\t\t<div class=\"elementor-column-wrap  elementor-element-populated\">\n\t\t\t\t\t<div class=\"elementor-widget-wrap\">\n\t\t\t\t<div class=\"elementor-element elementor-element-16cb4e6 elementor-view-default elementor-widget elementor-widget-icon\" data-id=\"16cb4e6\" data-element_type=\"widget\" data-widget_type=\"icon.default\">\n\t\t\t\t<div class=\"elementor-widget-container\">\n\t\t\t\t\t<div class=\"elementor-icon-wrapper\">\n\t\t\t<a class=\"elementor-icon\" href=\"http:\/\/waaas.org\">\n\t\t\t<i aria-hidden=\"true\" class=\"fas fa-arrow-left\"><\/i>\t\t\t<\/a>\n\t\t<\/div>\n\t\t\t\t<\/div>\n\t\t\t\t<\/div>\n\t\t\t\t\t\t<\/div>\n\t\t\t<\/div>\n\t\t<\/div>\n\t\t\t\t<div class=\"elementor-element elementor-element-ac17b10 elementor-column elementor-col-25 elementor-inner-column\" data-id=\"ac17b10\" data-element_type=\"column\">\n\t\t\t<div class=\"elementor-column-wrap\">\n\t\t\t\t\t<div class=\"elementor-widget-wrap\">\n\t\t\t\t\t\t<\/div>\n\t\t\t<\/div>\n\t\t<\/div>\n\t\t\t\t<div class=\"elementor-element elementor-element-1340cbb elementor-column elementor-col-25 elementor-inner-column\" data-id=\"1340cbb\" data-element_type=\"column\">\n\t\t\t<div class=\"elementor-column-wrap\">\n\t\t\t\t\t<div class=\"elementor-widget-wrap\">\n\t\t\t\t\t\t<\/div>\n\t\t\t<\/div>\n\t\t<\/div>\n\t\t\t\t<div class=\"elementor-element elementor-element-1a8b561 elementor-column elementor-col-25 elementor-inner-column\" data-id=\"1a8b561\" data-element_type=\"column\">\n\t\t\t<div class=\"elementor-column-wrap  elementor-element-populated\">\n\t\t\t\t\t<div class=\"elementor-widget-wrap\">\n\t\t\t\t<div class=\"elementor-element elementor-element-d2752cb elementor-widget elementor-widget-image\" data-id=\"d2752cb\" data-element_type=\"widget\" data-widget_type=\"image.default\">\n\t\t\t\t<div class=\"elementor-widget-container\">\n\t\t\t\t\t<div class=\"elementor-image\">\n\t\t\t\t\t\t\t\t\t\t\t<a href=\"http:\/\/waaas.org\">\n\t\t\t\t\t\t\t<img width=\"855\" height=\"209\" src=\"https:\/\/waaas.org\/wp-content\/uploads\/2020\/09\/logo_WAAAS-22.png\" class=\"attachment-large size-large\" alt=\"\" loading=\"lazy\" srcset=\"https:\/\/waaas.org\/wp-content\/uploads\/2020\/09\/logo_WAAAS-22.png 855w, https:\/\/waaas.org\/wp-content\/uploads\/2020\/09\/logo_WAAAS-22-300x73.png 300w, https:\/\/waaas.org\/wp-content\/uploads\/2020\/09\/logo_WAAAS-22-768x188.png 768w\" sizes=\"(max-width: 855px) 100vw, 855px\" \/>\t\t\t\t\t\t\t\t<\/a>\n\t\t\t\t\t\t\t\t\t\t\t<\/div>\n\t\t\t\t<\/div>\n\t\t\t\t<\/div>\n\t\t\t\t\t\t<\/div>\n\t\t\t<\/div>\n\t\t<\/div>\n\t\t\t\t\t\t<\/div>\n\t\t\t<\/div>\n\t\t<\/section>\n\t\t\t\t\t\t<\/div>\n\t\t\t<\/div>\n\t\t<\/div>\n\t\t\t\t\t\t<\/div>\n\t\t\t<\/div>\n\t\t<\/section>\n\t\t\t\t<section class=\"elementor-element elementor-element-1abb682 elementor-section-boxed elementor-section-height-default elementor-section-height-default elementor-section elementor-top-section\" data-id=\"1abb682\" data-element_type=\"section\">\n\t\t\t\t\t\t<div class=\"elementor-container elementor-column-gap-default\">\n\t\t\t\t<div class=\"elementor-row\">\n\t\t\t\t<div class=\"elementor-element elementor-element-4e987ba elementor-column elementor-col-100 elementor-top-column\" data-id=\"4e987ba\" data-element_type=\"column\">\n\t\t\t<div class=\"elementor-column-wrap  elementor-element-populated\">\n\t\t\t\t\t<div class=\"elementor-widget-wrap\">\n\t\t\t\t<section class=\"elementor-element elementor-element-320bc28 elementor-section-boxed elementor-section-height-default elementor-section-height-default elementor-section elementor-inner-section\" data-id=\"320bc28\" data-element_type=\"section\">\n\t\t\t\t\t\t<div class=\"elementor-container elementor-column-gap-default\">\n\t\t\t\t<div class=\"elementor-row\">\n\t\t\t\t<div class=\"elementor-element elementor-element-c6580d2 elementor-column elementor-col-50 elementor-inner-column\" data-id=\"c6580d2\" data-element_type=\"column\">\n\t\t\t<div class=\"elementor-column-wrap  elementor-element-populated\">\n\t\t\t\t\t<div class=\"elementor-widget-wrap\">\n\t\t\t\t<div class=\"elementor-element elementor-element-d61095b elementor-widget elementor-widget-spacer\" data-id=\"d61095b\" data-element_type=\"widget\" data-widget_type=\"spacer.default\">\n\t\t\t\t<div class=\"elementor-widget-container\">\n\t\t\t\t\t<div class=\"elementor-spacer\">\n\t\t\t<div class=\"elementor-spacer-inner\"><\/div>\n\t\t<\/div>\n\t\t\t\t<\/div>\n\t\t\t\t<\/div>\n\t\t\t\t<div class=\"elementor-element elementor-element-3a41963 elementor-widget elementor-widget-heading\" data-id=\"3a41963\" data-element_type=\"widget\" data-widget_type=\"heading.default\">\n\t\t\t\t<div class=\"elementor-widget-container\">\n\t\t\t<h2 class=\"elementor-heading-title elementor-size-default\">THEORIE U<\/h2>\t\t<\/div>\n\t\t\t\t<\/div>\n\t\t\t\t<div class=\"elementor-element elementor-element-5787056 elementor-widget elementor-widget-text-editor\" data-id=\"5787056\" data-element_type=\"widget\" data-widget_type=\"text-editor.default\">\n\t\t\t\t<div class=\"elementor-widget-container\">\n\t\t\t\t\t<div class=\"elementor-text-editor elementor-clearfix\"><div id=\"raven-tabs-content-2071\" class=\"raven-tabs-content elementor-clearfix raven-tabs-active\" role=\"tabpanel\" aria-labelledby=\"raven-tabs-title-2071\" data-tab=\"1\"><p><b>Au Coeur de la Th\u00e9orie U<\/b><\/p><p>Une formation de 3 jours pour exp\u00e9rimenter et int\u00e9grer les pratiques et les principes de la Th\u00e9orie U et accompagner le changement \u00e0 partir du futur \u00e9mergent<\/p><p>Fruit de plus de vingt ann\u00e9es de recherche-action au MIT et appliqu\u00e9 avec succ\u00e8s \u00e0 travers le monde dans tous secteurs d&#8217;activit\u00e9 et tous types d&#8217;organisation, la Th\u00e9orie U nous invite \u00e0 changer de mode op\u00e9ratoire : passer de dispositifs en silo au service d&#8217;int\u00e9r\u00eats sp\u00e9cifiques \u00e0 une approche globale visant le bien commun.<\/p><p>Plut\u00f4t que de chercher \u00e0 optimiser le pass\u00e9, le U nous outille pour apprendre \u00e0 sentir les potentiels futurs et \u00e0 accompagner les transformations \u00e0 partir de ce futur en \u00e9mergence.<\/p><p>Quel que soit votre domaine d\u2019activit\u00e9, cette formation \u00e0 la Th\u00e9orie U est con\u00e7ue pour vous offrir une base pratique qui vous aidera \u00e0 mettre en \u0153uvre des changements p\u00e9rennes et qui ont du sens.<\/p><p><b>Objectifs :<\/b><\/p><ul><li>Apprendre les 5 \u00e9tapes du processus de transformation de la Th\u00e9orie U ;<\/li><li>Exp\u00e9rimenter les outils mis en \u0153uvre \u00e0 chaque \u00e9tape en s\u2019appuyant sur toutes les sources d&#8217;intelligence \u2013 conceptuelle, intuitive, \u00e9motionnelle, relationnelle, corporelle, spatiale, co-cr\u00e9ative ;<\/li><li>Activer et renforcer les comp\u00e9tences d\u2019un leadership bas\u00e9 sur la conscience, l\u2019\u00e9mergence et la force du collectif : pr\u00e9sence, \u00e9coute profonde, dialogue g\u00e9n\u00e9ratif, qualit\u00e9 des liens et relations, pens\u00e9e syst\u00e9mique, confiance en l\u2019action juste ;<\/li><li>Sentir et soutenir le r\u00f4le du collectif en tant qu&#8217;espace de r\u00e9sonance bienveillant permettant l&#8217;\u00e9mergence du nouveau ;<\/li><li>Appliquer les m\u00e9thodes du U \u00e0 un projet concret pour faire \u00e9merger des pistes d\u2019actions.<\/li><\/ul><p><b>L&#8217;arc du programme :<\/b><\/p><p>Jour 1 &#8211; Co-initier, Co-sentir\u00a0<br \/>Jour 2 &#8211; Presencing<br \/>Jour 3 &#8211; Co-cr\u00e9er, Co-\u00e9voluer<\/p><p>Diff\u00e9rentes pratiques seront explor\u00e9es : 4 niveaux d\u2019\u00e9coute et de conversation, cercle de dialogue, 3D mapping, journaling, th\u00e9\u00e2tre de pr\u00e9sence sociale, case clinic, art du questionnement, prototypage&#8230;<\/p><p><b>Pour qui :<\/b><\/p><p>Dirigeants, managers, acteurs de changement, chefs de projets, consultants, coachs, facilitateurs<br \/>de tout type d\u2019organisations<\/p><p><b>Modalit\u00e9s :<\/b><\/p><p>Prochaines dates :<\/p><p><a href=\"https:\/\/my.weezevent.com\/formation-au-coeur-de-la-theorie-u-22-au-24-mai-2024\">18-19-20 f\u00e9vrier 2025\u00a0<\/a><\/p><p>Nombre d&#8217;heures de formation : 7 h x 3 jours = 21h au total<br \/>Horaires : de 9h30 \u00e0 18h avec une pause d\u00e9jeuner de 1h30<\/p><p>Pour 18 personnes maximum<\/p><p>Lieu &#8211; Paris 8\u00e8me, m\u00e9tro Etoile<\/p><p><b>L\u2019\u00e9quipe :<\/b><\/p><p>Des facilitatrices professionnelles de la transformation.<br \/>En relation \u00e9troite avec le <a href=\"https:\/\/www.presencing.org\/\">Presencing Institute<\/a>, depuis plus de 10 ans, elles d\u00e9veloppent activement la Th\u00e9orie U dans le monde francophone (traduction des livres, u.lab, GAIA).<\/p><p><strong>Agathe Peltereau-Villeneuve :<\/strong> facilitatrice en intelligence sensible, Agathe fonde ses accompagnements sur la force dynamisante des pratiques artistiques collectives et sur le r\u00f4le transformateur de l&#8217;\u00e9coute profonde et des processus de r\u00e9sonance. Elle a traduit les livres d&#8217;Otto Scharmer en fran\u00e7ais et est instructrice de Th\u00e9\u00e2tre de Pr\u00e9sence Sociale.<\/p><p><strong>Anne-Sophie Dubanton :<\/strong> ancienne cr\u00e9atrice et dirigeante d\u2019entreprise, Anne-Sophie facilite des interventions bas\u00e9es sur la pleine conscience et la Th\u00e9orie U et cr\u00e9e des espaces de ressourcement et de transformation. Elle est praticienne avanc\u00e9e de Th\u00e9\u00e2tre de Pr\u00e9sence Sociale.<\/p><p><strong>Kako Dubs : <\/strong>coach de dirigeants et d\u2019organisation, Kako est co-fondatrice du collectif\u00a0 de coachs WAAAS et co-lead programme du parcours Industrie de la Convention des entreprises pour le Climat. Elle int\u00e8gre la Th\u00e9orie U dans son approche de l\u2019accompagnement de la transformation des organisations et dans la m\u00e9thodologie CEC de la transition \u00e9cologique des entreprises.<\/p><p><strong>Tarifs<\/strong><\/p><ul><li>Entreprises : 1950\u20ac\u00a0HT<\/li><li>Associations, TPE : 1280\u20ac HT<\/li><li>Ind\u00e9pendants : 980\u20ac HT<\/li><li>Particuliers : 980\u20ac TTC<\/li><\/ul><p>Quelques places \u00e0 un tarif solidaire sont disponibles, sur demande motiv\u00e9e.<\/p><p>Possibilit\u00e9s de convention de formation via un organisme de formation Qualiopi.<\/p><p>\u00a0<\/p><\/div><\/div>\n\t\t\t\t<\/div>\n\t\t\t\t<\/div>\n\t\t\t\t<div class=\"elementor-element elementor-element-06a4cd7 elementor-widget elementor-widget-divider\" data-id=\"06a4cd7\" data-element_type=\"widget\" data-widget_type=\"divider.default\">\n\t\t\t\t<div class=\"elementor-widget-container\">\n\t\t\t\t\t<div class=\"elementor-divider\">\n\t\t\t<span class=\"elementor-divider-separator\">\n\t\t\t\t\t\t<\/span>\n\t\t<\/div>\n\t\t\t\t<\/div>\n\t\t\t\t<\/div>\n\t\t\t\t\t\t<\/div>\n\t\t\t<\/div>\n\t\t<\/div>\n\t\t\t\t<div class=\"elementor-element elementor-element-6b671a8 elementor-column elementor-col-50 elementor-inner-column\" data-id=\"6b671a8\" data-element_type=\"column\">\n\t\t\t<div class=\"elementor-column-wrap\">\n\t\t\t\t\t<div class=\"elementor-widget-wrap\">\n\t\t\t\t\t\t<\/div>\n\t\t\t<\/div>\n\t\t<\/div>\n\t\t\t\t\t\t<\/div>\n\t\t\t<\/div>\n\t\t<\/section>\n\t\t\t\t<div class=\"elementor-element elementor-element-b090547 elementor-widget elementor-widget-spacer\" data-id=\"b090547\" data-element_type=\"widget\" data-widget_type=\"spacer.default\">\n\t\t\t\t<div class=\"elementor-widget-container\">\n\t\t\t\t\t<div class=\"elementor-spacer\">\n\t\t\t<div class=\"elementor-spacer-inner\"><\/div>\n\t\t<\/div>\n\t\t\t\t<\/div>\n\t\t\t\t<\/div>\n\t\t\t\t<div class=\"elementor-element elementor-element-8327557 elementor-shape-circle elementor-widget elementor-widget-social-icons\" data-id=\"8327557\" data-element_type=\"widget\" data-widget_type=\"social-icons.default\">\n\t\t\t\t<div class=\"elementor-widget-container\">\n\t\t\t\t\t<div class=\"elementor-social-icons-wrapper\">\n\t\t\t\t\t\t\t<a class=\"elementor-icon elementor-social-icon elementor-social-icon-facebook-f elementor-repeater-item-2e3d672\" href=\"https:\/\/www.facebook.com\/we.act.as.a.system\" target=\"_blank\">\n\t\t\t\t\t<span class=\"elementor-screen-only\">Facebook-f<\/span>\n\t\t\t\t\t<i class=\"fab fa-facebook-f\"><\/i>\t\t\t\t<\/a>\n\t\t\t\t\t\t\t<a class=\"elementor-icon elementor-social-icon elementor-social-icon-linkedin-in elementor-repeater-item-71a2bb8\" href=\"https:\/\/www.linkedin.com\/company\/waaas\" target=\"_blank\">\n\t\t\t\t\t<span class=\"elementor-screen-only\">Linkedin-in<\/span>\n\t\t\t\t\t<i class=\"fab fa-linkedin-in\"><\/i>\t\t\t\t<\/a>\n\t\t\t\t\t\t\t<a class=\"elementor-icon elementor-social-icon elementor-social-icon-twitter elementor-repeater-item-d0a6b3e\" target=\"_blank\">\n\t\t\t\t\t<span class=\"elementor-screen-only\">Twitter<\/span>\n\t\t\t\t\t<i class=\"fab fa-twitter\"><\/i>\t\t\t\t<\/a>\n\t\t\t\t\t<\/div>\n\t\t\t\t<\/div>\n\t\t\t\t<\/div>\n\t\t\t\t\t\t<\/div>\n\t\t\t<\/div>\n\t\t<\/div>\n\t\t\t\t\t\t<\/div>\n\t\t\t<\/div>\n\t\t<\/section>\n\t\t\t\t\t\t<\/div>\n\t\t\t<\/div>\n\t\t<\/div>\n\t\t","protected":false},"excerpt":{"rendered":"<p>THEORIE U Au Coeur de la Th\u00e9orie U Une formation de 3 jours pour exp\u00e9rimenter et int\u00e9grer les pratiques et les principes de la Th\u00e9orie U et accompagner le changement \u00e0 partir du futur \u00e9mergent Fruit de plus de vingt ann\u00e9es de recherche-action au MIT et appliqu\u00e9 avec succ\u00e8s \u00e0 travers le monde dans tous [&hellip;]<\/p>\n","protected":false},"author":1,"featured_media":0,"parent":0,"menu_order":0,"comment_status":"closed","ping_status":"closed","template":"elementor_header_footer","meta":[],"yoast_head":"<!-- This site is optimized with the Yoast SEO plugin v15.3 - https:\/\/yoast.com\/wordpress\/plugins\/seo\/ -->\n<title>THEORIE U - WAAAS<\/title>\n<meta name=\"description\" content=\"Au Coeur de la Th\u00e9orie U\" \/>\n<meta name=\"robots\" content=\"index, follow, max-snippet:-1, max-image-preview:large, max-video-preview:-1\" \/>\n<link rel=\"canonical\" href=\"https:\/\/waaas.org\/index.php\/theorie-u\/\" \/>\n<meta property=\"og:locale\" content=\"en_US\" \/>\n<meta property=\"og:type\" content=\"article\" \/>\n<meta property=\"og:title\" content=\"THEORIE U - WAAAS\" \/>\n<meta property=\"og:description\" content=\"Au Coeur de la Th\u00e9orie U\" \/>\n<meta property=\"og:url\" content=\"https:\/\/waaas.org\/index.php\/theorie-u\/\" \/>\n<meta property=\"og:site_name\" content=\"WAAAS\" \/>\n<meta property=\"article:publisher\" content=\"https:\/\/www.facebook.com\/we.act.as.a.system\" \/>\n<meta property=\"article:modified_time\" content=\"2024-12-06T12:45:55+00:00\" \/>\n<meta property=\"og:image\" content=\"http:\/\/waaas.org\/wp-content\/uploads\/2020\/09\/logo_WAAAS-22.png\" \/>\n<meta name=\"twitter:card\" content=\"summary_large_image\" \/>\n<meta name=\"twitter:label1\" content=\"Written by\">\n\t<meta name=\"twitter:data1\" content=\"admin1224\">\n\t<meta name=\"twitter:label2\" content=\"Est. reading time\">\n\t<meta name=\"twitter:data2\" content=\"2 minutes\">\n<script type=\"application\/ld+json\" class=\"yoast-schema-graph\">{\"@context\":\"https:\/\/schema.org\",\"@graph\":[{\"@type\":\"Organization\",\"@id\":\"https:\/\/waaas.org\/#organization\",\"name\":\"WAAAS\",\"url\":\"https:\/\/waaas.org\/\",\"sameAs\":[\"https:\/\/www.facebook.com\/we.act.as.a.system\",\"https:\/\/www.linkedin.com\/company\/70274688\/admin\/feed\/posts\/\"],\"logo\":{\"@type\":\"ImageObject\",\"@id\":\"https:\/\/waaas.org\/#logo\",\"inLanguage\":\"en-US\",\"url\":\"https:\/\/waaas.org\/wp-content\/uploads\/2020\/09\/logo-WAAAS-RVB-EXE.png\",\"width\":2386,\"height\":1351,\"caption\":\"WAAAS\"},\"image\":{\"@id\":\"https:\/\/waaas.org\/#logo\"}},{\"@type\":\"WebSite\",\"@id\":\"https:\/\/waaas.org\/#website\",\"url\":\"https:\/\/waaas.org\/\",\"name\":\"WAAAS\",\"description\":\"WE ACT AS A SYSTEM\",\"publisher\":{\"@id\":\"https:\/\/waaas.org\/#organization\"},\"potentialAction\":[{\"@type\":\"SearchAction\",\"target\":\"https:\/\/waaas.org\/?s={search_term_string}\",\"query-input\":\"required name=search_term_string\"}],\"inLanguage\":\"en-US\"},{\"@type\":\"ImageObject\",\"@id\":\"https:\/\/waaas.org\/index.php\/theorie-u\/#primaryimage\",\"inLanguage\":\"en-US\",\"url\":\"http:\/\/waaas.org\/wp-content\/uploads\/2020\/09\/logo_WAAAS-22.png\"},{\"@type\":\"WebPage\",\"@id\":\"https:\/\/waaas.org\/index.php\/theorie-u\/#webpage\",\"url\":\"https:\/\/waaas.org\/index.php\/theorie-u\/\",\"name\":\"THEORIE U - WAAAS\",\"isPartOf\":{\"@id\":\"https:\/\/waaas.org\/#website\"},\"primaryImageOfPage\":{\"@id\":\"https:\/\/waaas.org\/index.php\/theorie-u\/#primaryimage\"},\"datePublished\":\"2022-05-04T19:45:23+00:00\",\"dateModified\":\"2024-12-06T12:45:55+00:00\",\"description\":\"Au Coeur de la Th\\u00e9orie U\",\"inLanguage\":\"en-US\",\"potentialAction\":[{\"@type\":\"ReadAction\",\"target\":[\"https:\/\/waaas.org\/index.php\/theorie-u\/\"]}]}]}<\/script>\n<!-- \/ Yoast SEO plugin. -->","_links":{"self":[{"href":"https:\/\/waaas.org\/index.php\/wp-json\/wp\/v2\/pages\/946"}],"collection":[{"href":"https:\/\/waaas.org\/index.php\/wp-json\/wp\/v2\/pages"}],"about":[{"href":"https:\/\/waaas.org\/index.php\/wp-json\/wp\/v2\/types\/page"}],"author":[{"embeddable":true,"href":"https:\/\/waaas.org\/index.php\/wp-json\/wp\/v2\/users\/1"}],"replies":[{"embeddable":true,"href":"https:\/\/waaas.org\/index.php\/wp-json\/wp\/v2\/comments?post=946"}],"version-history":[{"count":11,"href":"https:\/\/waaas.org\/index.php\/wp-json\/wp\/v2\/pages\/946\/revisions"}],"predecessor-version":[{"id":1095,"href":"https:\/\/waaas.org\/index.php\/wp-json\/wp\/v2\/pages\/946\/revisions\/1095"}],"wp:attachment":[{"href":"https:\/\/waaas.org\/index.php\/wp-json\/wp\/v2\/media?parent=946"}],"curies":[{"name":"wp","href":"https:\/\/api.w.org\/{rel}","templated":true}]}}