{"id":954,"date":"2022-05-04T21:54:17","date_gmt":"2022-05-04T19:54:17","guid":{"rendered":"http:\/\/waaas.org\/?page_id=954"},"modified":"2022-05-04T21:59:41","modified_gmt":"2022-05-04T19:59:41","slug":"design-de-seminaires","status":"publish","type":"page","link":"https:\/\/waaas.org\/index.php\/design-de-seminaires\/","title":{"rendered":"DESIGN DE SEMINAIRES"},"content":{"rendered":"\t\t<div data-elementor-type=\"wp-page\" data-elementor-id=\"954\" class=\"elementor elementor-954\" data-elementor-settings=\"[]\">\n\t\t\t<div class=\"elementor-inner\">\n\t\t\t\t<div class=\"elementor-section-wrap\">\n\t\t\t\t\t\t\t<section class=\"elementor-element elementor-element-6e7f1a2 elementor-section-boxed elementor-section-height-default elementor-section-height-default elementor-section elementor-top-section\" data-id=\"6e7f1a2\" data-element_type=\"section\" data-settings=\"{&quot;background_background&quot;:&quot;classic&quot;}\">\n\t\t\t\t\t\t\t<div class=\"elementor-background-overlay\"><\/div>\n\t\t\t\t\t\t\t<div class=\"elementor-container elementor-column-gap-default\">\n\t\t\t\t<div class=\"elementor-row\">\n\t\t\t\t<div class=\"elementor-element elementor-element-b84b55c elementor-column elementor-col-100 elementor-top-column\" data-id=\"b84b55c\" data-element_type=\"column\">\n\t\t\t<div class=\"elementor-column-wrap  elementor-element-populated\">\n\t\t\t\t\t<div class=\"elementor-widget-wrap\">\n\t\t\t\t<section class=\"elementor-element elementor-element-81bb236 elementor-section-boxed elementor-section-height-default elementor-section-height-default elementor-section elementor-inner-section\" data-id=\"81bb236\" data-element_type=\"section\">\n\t\t\t\t\t\t<div class=\"elementor-container elementor-column-gap-default\">\n\t\t\t\t<div class=\"elementor-row\">\n\t\t\t\t<div class=\"elementor-element elementor-element-35bffa6 elementor-column elementor-col-25 elementor-inner-column\" data-id=\"35bffa6\" data-element_type=\"column\">\n\t\t\t<div class=\"elementor-column-wrap  elementor-element-populated\">\n\t\t\t\t\t<div class=\"elementor-widget-wrap\">\n\t\t\t\t<div class=\"elementor-element elementor-element-16cb4e6 elementor-view-default elementor-widget elementor-widget-icon\" data-id=\"16cb4e6\" data-element_type=\"widget\" data-widget_type=\"icon.default\">\n\t\t\t\t<div class=\"elementor-widget-container\">\n\t\t\t\t\t<div class=\"elementor-icon-wrapper\">\n\t\t\t<a class=\"elementor-icon\" href=\"http:\/\/waaas.org\">\n\t\t\t<i aria-hidden=\"true\" class=\"fas fa-arrow-left\"><\/i>\t\t\t<\/a>\n\t\t<\/div>\n\t\t\t\t<\/div>\n\t\t\t\t<\/div>\n\t\t\t\t\t\t<\/div>\n\t\t\t<\/div>\n\t\t<\/div>\n\t\t\t\t<div class=\"elementor-element elementor-element-ac17b10 elementor-column elementor-col-25 elementor-inner-column\" data-id=\"ac17b10\" data-element_type=\"column\">\n\t\t\t<div class=\"elementor-column-wrap\">\n\t\t\t\t\t<div class=\"elementor-widget-wrap\">\n\t\t\t\t\t\t<\/div>\n\t\t\t<\/div>\n\t\t<\/div>\n\t\t\t\t<div class=\"elementor-element elementor-element-1340cbb elementor-column elementor-col-25 elementor-inner-column\" data-id=\"1340cbb\" data-element_type=\"column\">\n\t\t\t<div class=\"elementor-column-wrap\">\n\t\t\t\t\t<div class=\"elementor-widget-wrap\">\n\t\t\t\t\t\t<\/div>\n\t\t\t<\/div>\n\t\t<\/div>\n\t\t\t\t<div class=\"elementor-element elementor-element-1a8b561 elementor-column elementor-col-25 elementor-inner-column\" data-id=\"1a8b561\" data-element_type=\"column\">\n\t\t\t<div class=\"elementor-column-wrap  elementor-element-populated\">\n\t\t\t\t\t<div class=\"elementor-widget-wrap\">\n\t\t\t\t<div class=\"elementor-element elementor-element-d2752cb elementor-widget elementor-widget-image\" data-id=\"d2752cb\" data-element_type=\"widget\" data-widget_type=\"image.default\">\n\t\t\t\t<div class=\"elementor-widget-container\">\n\t\t\t\t\t<div class=\"elementor-image\">\n\t\t\t\t\t\t\t\t\t\t\t<a href=\"http:\/\/waaas.org\">\n\t\t\t\t\t\t\t<img width=\"855\" height=\"209\" src=\"https:\/\/waaas.org\/wp-content\/uploads\/2020\/09\/logo_WAAAS-22.png\" class=\"attachment-large size-large\" alt=\"\" loading=\"lazy\" srcset=\"https:\/\/waaas.org\/wp-content\/uploads\/2020\/09\/logo_WAAAS-22.png 855w, https:\/\/waaas.org\/wp-content\/uploads\/2020\/09\/logo_WAAAS-22-300x73.png 300w, https:\/\/waaas.org\/wp-content\/uploads\/2020\/09\/logo_WAAAS-22-768x188.png 768w\" sizes=\"(max-width: 855px) 100vw, 855px\" \/>\t\t\t\t\t\t\t\t<\/a>\n\t\t\t\t\t\t\t\t\t\t\t<\/div>\n\t\t\t\t<\/div>\n\t\t\t\t<\/div>\n\t\t\t\t\t\t<\/div>\n\t\t\t<\/div>\n\t\t<\/div>\n\t\t\t\t\t\t<\/div>\n\t\t\t<\/div>\n\t\t<\/section>\n\t\t\t\t\t\t<\/div>\n\t\t\t<\/div>\n\t\t<\/div>\n\t\t\t\t\t\t<\/div>\n\t\t\t<\/div>\n\t\t<\/section>\n\t\t\t\t<section class=\"elementor-element elementor-element-1abb682 elementor-section-boxed elementor-section-height-default elementor-section-height-default elementor-section elementor-top-section\" data-id=\"1abb682\" data-element_type=\"section\">\n\t\t\t\t\t\t<div class=\"elementor-container elementor-column-gap-default\">\n\t\t\t\t<div class=\"elementor-row\">\n\t\t\t\t<div class=\"elementor-element elementor-element-4e987ba elementor-column elementor-col-100 elementor-top-column\" data-id=\"4e987ba\" data-element_type=\"column\">\n\t\t\t<div class=\"elementor-column-wrap  elementor-element-populated\">\n\t\t\t\t\t<div class=\"elementor-widget-wrap\">\n\t\t\t\t<section class=\"elementor-element elementor-element-320bc28 elementor-section-boxed elementor-section-height-default elementor-section-height-default elementor-section elementor-inner-section\" data-id=\"320bc28\" data-element_type=\"section\">\n\t\t\t\t\t\t<div class=\"elementor-container elementor-column-gap-default\">\n\t\t\t\t<div class=\"elementor-row\">\n\t\t\t\t<div class=\"elementor-element elementor-element-c6580d2 elementor-column elementor-col-50 elementor-inner-column\" data-id=\"c6580d2\" data-element_type=\"column\">\n\t\t\t<div class=\"elementor-column-wrap  elementor-element-populated\">\n\t\t\t\t\t<div class=\"elementor-widget-wrap\">\n\t\t\t\t<div class=\"elementor-element elementor-element-d61095b elementor-widget elementor-widget-spacer\" data-id=\"d61095b\" data-element_type=\"widget\" data-widget_type=\"spacer.default\">\n\t\t\t\t<div class=\"elementor-widget-container\">\n\t\t\t\t\t<div class=\"elementor-spacer\">\n\t\t\t<div class=\"elementor-spacer-inner\"><\/div>\n\t\t<\/div>\n\t\t\t\t<\/div>\n\t\t\t\t<\/div>\n\t\t\t\t<div class=\"elementor-element elementor-element-3a41963 elementor-widget elementor-widget-heading\" data-id=\"3a41963\" data-element_type=\"widget\" data-widget_type=\"heading.default\">\n\t\t\t\t<div class=\"elementor-widget-container\">\n\t\t\t<h2 class=\"elementor-heading-title elementor-size-default\">DESIGN DE SEMINAIRES<\/h2>\t\t<\/div>\n\t\t\t\t<\/div>\n\t\t\t\t<div class=\"elementor-element elementor-element-5787056 elementor-widget elementor-widget-text-editor\" data-id=\"5787056\" data-element_type=\"widget\" data-widget_type=\"text-editor.default\">\n\t\t\t\t<div class=\"elementor-widget-container\">\n\t\t\t\t\t<div class=\"elementor-text-editor elementor-clearfix\"><div id=\"raven-tabs-content-2071\" class=\"raven-tabs-content elementor-clearfix raven-tabs-active\" role=\"tabpanel\" aria-labelledby=\"raven-tabs-title-2071\" data-tab=\"1\"><p><strong>Design de s\u00e9minaires<\/strong><\/p><p>Cette formation s&#8217;adresse aux coachs et facilitateurs qui souhaitent d\u00e9velopper leur capacit\u00e9 \u00e0 concevoir et animer des ateliers, s\u00e9minaires ou formations en pr\u00e9sentiel ou en distanciel.<\/p><p><b><i>Objectif<\/i><\/b><br \/>&#8211; Etre capable de designer et faciliter des ateliers, formations, s\u00e9minaires en pr\u00e9sentiel ou distantiel\u00a0<\/p><p><b><i>Contenus\u00a0<\/i><\/b><br \/>&#8211; Clarifier les intentions<br \/>&#8211; Construire un d\u00e9roul\u00e9, timer les s\u00e9quences<br \/>&#8211; D\u00e9finir les r\u00f4les, dimensionner l&#8217;\u00e9quipe<br \/>&#8211; Tenir l&#8217;espace, g\u00e9rer le flow et cr\u00e9er le champ<br \/>&#8211; Cr\u00e9er les supports, animer les r\u00e9coltes<\/p><p><b><i>Outils utilis\u00e9s\u00a0<\/i><\/b><br \/>Zoom, Whatsapp, Google, Klaxoon<\/p><p><b><i>Modalit\u00e9s p\u00e9dagogiques<\/i><\/b>\u00a0<br \/>&#8211; Vous faire vivre l&#8217;exp\u00e9rience d&#8217;un atelier, avec des exemples d&#8217;inclusion, ateliers, modalit\u00e9s de restitution et d\u00e9clusion<br \/>&#8211; Partager nos retours d&#8217;exp\u00e9rience sur les s\u00e9minaires, formations et sessions sur diff\u00e9rents formats horaires, nombre de participants et intentions<\/p><p><b><i>Dur\u00e9e\u00a0<\/i><\/b><br \/>1 journ\u00e9e 9h30-18h<\/p><p><b><i>Tarif\u00a0<\/i><\/b><br \/>100 \u20ac HT\u00a0<\/p><p><b><i>Lieu\u00a0<\/i><\/b><br \/>en ligne sur zoom<\/p><p><b><i>Dates<\/i><\/b>\u00a0 <i>des prochaines sessions\u00a0<\/i><br \/>session adhoc sur demande<\/p><\/div><\/div>\n\t\t\t\t<\/div>\n\t\t\t\t<\/div>\n\t\t\t\t<div class=\"elementor-element elementor-element-06a4cd7 elementor-widget elementor-widget-divider\" data-id=\"06a4cd7\" data-element_type=\"widget\" data-widget_type=\"divider.default\">\n\t\t\t\t<div class=\"elementor-widget-container\">\n\t\t\t\t\t<div class=\"elementor-divider\">\n\t\t\t<span class=\"elementor-divider-separator\">\n\t\t\t\t\t\t<\/span>\n\t\t<\/div>\n\t\t\t\t<\/div>\n\t\t\t\t<\/div>\n\t\t\t\t\t\t<\/div>\n\t\t\t<\/div>\n\t\t<\/div>\n\t\t\t\t<div class=\"elementor-element elementor-element-6b671a8 elementor-column elementor-col-50 elementor-inner-column\" data-id=\"6b671a8\" data-element_type=\"column\">\n\t\t\t<div class=\"elementor-column-wrap\">\n\t\t\t\t\t<div class=\"elementor-widget-wrap\">\n\t\t\t\t\t\t<\/div>\n\t\t\t<\/div>\n\t\t<\/div>\n\t\t\t\t\t\t<\/div>\n\t\t\t<\/div>\n\t\t<\/section>\n\t\t\t\t<div class=\"elementor-element elementor-element-b090547 elementor-widget elementor-widget-spacer\" data-id=\"b090547\" data-element_type=\"widget\" data-widget_type=\"spacer.default\">\n\t\t\t\t<div class=\"elementor-widget-container\">\n\t\t\t\t\t<div class=\"elementor-spacer\">\n\t\t\t<div class=\"elementor-spacer-inner\"><\/div>\n\t\t<\/div>\n\t\t\t\t<\/div>\n\t\t\t\t<\/div>\n\t\t\t\t<div class=\"elementor-element elementor-element-8327557 elementor-shape-circle elementor-widget elementor-widget-social-icons\" data-id=\"8327557\" data-element_type=\"widget\" data-widget_type=\"social-icons.default\">\n\t\t\t\t<div class=\"elementor-widget-container\">\n\t\t\t\t\t<div class=\"elementor-social-icons-wrapper\">\n\t\t\t\t\t\t\t<a class=\"elementor-icon elementor-social-icon elementor-social-icon-facebook-f elementor-repeater-item-2e3d672\" href=\"https:\/\/www.facebook.com\/we.act.as.a.system\" target=\"_blank\">\n\t\t\t\t\t<span class=\"elementor-screen-only\">Facebook-f<\/span>\n\t\t\t\t\t<i class=\"fab fa-facebook-f\"><\/i>\t\t\t\t<\/a>\n\t\t\t\t\t\t\t<a class=\"elementor-icon elementor-social-icon elementor-social-icon-linkedin-in elementor-repeater-item-71a2bb8\" href=\"https:\/\/www.linkedin.com\/company\/waaas\" target=\"_blank\">\n\t\t\t\t\t<span class=\"elementor-screen-only\">Linkedin-in<\/span>\n\t\t\t\t\t<i class=\"fab fa-linkedin-in\"><\/i>\t\t\t\t<\/a>\n\t\t\t\t\t\t\t<a class=\"elementor-icon elementor-social-icon elementor-social-icon-twitter elementor-repeater-item-d0a6b3e\" target=\"_blank\">\n\t\t\t\t\t<span class=\"elementor-screen-only\">Twitter<\/span>\n\t\t\t\t\t<i class=\"fab fa-twitter\"><\/i>\t\t\t\t<\/a>\n\t\t\t\t\t<\/div>\n\t\t\t\t<\/div>\n\t\t\t\t<\/div>\n\t\t\t\t\t\t<\/div>\n\t\t\t<\/div>\n\t\t<\/div>\n\t\t\t\t\t\t<\/div>\n\t\t\t<\/div>\n\t\t<\/section>\n\t\t\t\t\t\t<\/div>\n\t\t\t<\/div>\n\t\t<\/div>\n\t\t","protected":false},"excerpt":{"rendered":"<p>DESIGN DE SEMINAIRES Design de s\u00e9minaires Cette formation s&#8217;adresse aux coachs et facilitateurs qui souhaitent d\u00e9velopper leur capacit\u00e9 \u00e0 concevoir et animer des ateliers, s\u00e9minaires ou formations en pr\u00e9sentiel ou en distanciel. Objectif &#8211; Etre capable de designer et faciliter des ateliers, formations, s\u00e9minaires en pr\u00e9sentiel ou distantiel&nbsp; Contenus&nbsp; &#8211; Clarifier les intentions &#8211; Construire [&hellip;]<\/p>\n","protected":false},"author":1,"featured_media":0,"parent":0,"menu_order":0,"comment_status":"closed","ping_status":"closed","template":"elementor_header_footer","meta":[],"yoast_head":"<!-- This site is optimized with the Yoast SEO plugin v15.3 - https:\/\/yoast.com\/wordpress\/plugins\/seo\/ -->\n<title>DESIGN DE SEMINAIRES - WAAAS<\/title>\n<meta name=\"robots\" content=\"index, follow, max-snippet:-1, max-image-preview:large, max-video-preview:-1\" \/>\n<link rel=\"canonical\" href=\"https:\/\/waaas.org\/index.php\/design-de-seminaires\/\" \/>\n<meta property=\"og:locale\" content=\"en_US\" \/>\n<meta property=\"og:type\" content=\"article\" \/>\n<meta property=\"og:title\" content=\"DESIGN DE SEMINAIRES - WAAAS\" \/>\n<meta property=\"og:description\" content=\"DESIGN DE SEMINAIRES Design de s\u00e9minaires Cette formation s&#8217;adresse aux coachs et facilitateurs qui souhaitent d\u00e9velopper leur capacit\u00e9 \u00e0 concevoir et animer des ateliers, s\u00e9minaires ou formations en pr\u00e9sentiel ou en distanciel. Objectif &#8211; Etre capable de designer et faciliter des ateliers, formations, s\u00e9minaires en pr\u00e9sentiel ou distantiel&nbsp; Contenus&nbsp; &#8211; Clarifier les intentions &#8211; Construire [&hellip;]\" \/>\n<meta property=\"og:url\" content=\"https:\/\/waaas.org\/index.php\/design-de-seminaires\/\" \/>\n<meta property=\"og:site_name\" content=\"WAAAS\" \/>\n<meta property=\"article:publisher\" content=\"https:\/\/www.facebook.com\/we.act.as.a.system\" \/>\n<meta property=\"article:modified_time\" content=\"2022-05-04T19:59:41+00:00\" \/>\n<meta property=\"og:image\" content=\"http:\/\/waaas.org\/wp-content\/uploads\/2020\/09\/logo_WAAAS-22.png\" \/>\n<meta name=\"twitter:card\" content=\"summary_large_image\" \/>\n<meta name=\"twitter:label1\" content=\"Written by\">\n\t<meta name=\"twitter:data1\" content=\"admin1224\">\n\t<meta name=\"twitter:label2\" content=\"Est. reading time\">\n\t<meta name=\"twitter:data2\" content=\"1 minute\">\n<script type=\"application\/ld+json\" class=\"yoast-schema-graph\">{\"@context\":\"https:\/\/schema.org\",\"@graph\":[{\"@type\":\"Organization\",\"@id\":\"https:\/\/waaas.org\/#organization\",\"name\":\"WAAAS\",\"url\":\"https:\/\/waaas.org\/\",\"sameAs\":[\"https:\/\/www.facebook.com\/we.act.as.a.system\",\"https:\/\/www.linkedin.com\/company\/70274688\/admin\/feed\/posts\/\"],\"logo\":{\"@type\":\"ImageObject\",\"@id\":\"https:\/\/waaas.org\/#logo\",\"inLanguage\":\"en-US\",\"url\":\"https:\/\/waaas.org\/wp-content\/uploads\/2020\/09\/logo-WAAAS-RVB-EXE.png\",\"width\":2386,\"height\":1351,\"caption\":\"WAAAS\"},\"image\":{\"@id\":\"https:\/\/waaas.org\/#logo\"}},{\"@type\":\"WebSite\",\"@id\":\"https:\/\/waaas.org\/#website\",\"url\":\"https:\/\/waaas.org\/\",\"name\":\"WAAAS\",\"description\":\"WE ACT AS A SYSTEM\",\"publisher\":{\"@id\":\"https:\/\/waaas.org\/#organization\"},\"potentialAction\":[{\"@type\":\"SearchAction\",\"target\":\"https:\/\/waaas.org\/?s={search_term_string}\",\"query-input\":\"required name=search_term_string\"}],\"inLanguage\":\"en-US\"},{\"@type\":\"ImageObject\",\"@id\":\"https:\/\/waaas.org\/index.php\/design-de-seminaires\/#primaryimage\",\"inLanguage\":\"en-US\",\"url\":\"http:\/\/waaas.org\/wp-content\/uploads\/2020\/09\/logo_WAAAS-22.png\"},{\"@type\":\"WebPage\",\"@id\":\"https:\/\/waaas.org\/index.php\/design-de-seminaires\/#webpage\",\"url\":\"https:\/\/waaas.org\/index.php\/design-de-seminaires\/\",\"name\":\"DESIGN DE SEMINAIRES - WAAAS\",\"isPartOf\":{\"@id\":\"https:\/\/waaas.org\/#website\"},\"primaryImageOfPage\":{\"@id\":\"https:\/\/waaas.org\/index.php\/design-de-seminaires\/#primaryimage\"},\"datePublished\":\"2022-05-04T19:54:17+00:00\",\"dateModified\":\"2022-05-04T19:59:41+00:00\",\"inLanguage\":\"en-US\",\"potentialAction\":[{\"@type\":\"ReadAction\",\"target\":[\"https:\/\/waaas.org\/index.php\/design-de-seminaires\/\"]}]}]}<\/script>\n<!-- \/ Yoast SEO plugin. -->","_links":{"self":[{"href":"https:\/\/waaas.org\/index.php\/wp-json\/wp\/v2\/pages\/954"}],"collection":[{"href":"https:\/\/waaas.org\/index.php\/wp-json\/wp\/v2\/pages"}],"about":[{"href":"https:\/\/waaas.org\/index.php\/wp-json\/wp\/v2\/types\/page"}],"author":[{"embeddable":true,"href":"https:\/\/waaas.org\/index.php\/wp-json\/wp\/v2\/users\/1"}],"replies":[{"embeddable":true,"href":"https:\/\/waaas.org\/index.php\/wp-json\/wp\/v2\/comments?post=954"}],"version-history":[{"count":4,"href":"https:\/\/waaas.org\/index.php\/wp-json\/wp\/v2\/pages\/954\/revisions"}],"predecessor-version":[{"id":961,"href":"https:\/\/waaas.org\/index.php\/wp-json\/wp\/v2\/pages\/954\/revisions\/961"}],"wp:attachment":[{"href":"https:\/\/waaas.org\/index.php\/wp-json\/wp\/v2\/media?parent=954"}],"curies":[{"name":"wp","href":"https:\/\/api.w.org\/{rel}","templated":true}]}}